{"id":1865,"date":"2015-04-14T11:54:27","date_gmt":"2015-04-14T09:54:27","guid":{"rendered":"http:\/\/sukrin.com\/dk\/?page_id=1865"},"modified":"2022-12-06T16:44:23","modified_gmt":"2022-12-06T14:44:23","slug":"ingredienser","status":"publish","type":"page","link":"https:\/\/sukrin.com\/dk\/broedmix-chia-og-hamp-2\/ingredienser\/","title":{"rendered":"Om ingredienserne"},"content":{"rendered":"\n<h1 class=\"wp-block-heading\">Ingredienser:<\/h1>\n\n\n\n<p>Fiber (fra sukkerroer, cikorie, psyllium og \u00e6rter, Fiberfin: resistent majsstivelse), fr\u00f8 og kerner (solsikke, sesam, h\u00f8rfr\u00f8), \u00e6rteprotein, hampprotein 4%, s\u00f8destof: erythritol (Sukrin), chiamel 4,8%, h\u00e6vemiddel (kalium bikarbonat, Glucono-delta-lakton), mineralsalt (kaliumklorid og natriumklorid).<\/p>\n\n\n\n<h3 class=\"wp-block-heading\">Fiber fra sukkerroer, cikorie, psyllium og \u00e6rter<\/h3>\n\n\n\n<p>Plantefibre som bruges for at give rigtig konsistens og \u00f8get fiberindhold i br\u00f8det.<\/p>\n\n\n\n<h3 class=\"wp-block-heading\">Fiberfin<\/h3>\n\n\n\n<p>Fiberfin er et naturligt, glutenfrit mel med et h\u00f8jt indhold af fiber i form af resistent stivelse. Fiberfin har gunstig indvirkning p\u00e5 ford\u00f8jelse, bakterieflora og immunforsvar. L\u00e6s mere <a href=\"http:\/\/sukrin.com\/dk\/fiberfin\/om\/\">om Fiberfin&nbsp;her.<\/a><\/p>\n\n\n\n<h3 class=\"wp-block-heading\">Fr\u00f8 og kerner<\/h3>\n\n\n\n<p>Solsikke, sesam, h\u00f8rfr\u00f8: Naturlige fr\u00f8 og kerner som giver en god smag, og har et h\u00f8jt indhold af sundt fedt, vitaminer, mineraler og fibre.<\/p>\n\n\n\n<h3 class=\"wp-block-heading\">\u00c6rteprotein<\/h3>\n\n\n\n<p>Vegetabilsk protein hentet fra \u00e6rter.<\/p>\n\n\n\n<h3 class=\"wp-block-heading\">Hampprotein<\/h3>\n\n\n\n<p>Hamp er&nbsp;en af de bedste plantebaserede kilder til protein, da det indeholder alle de essentielle aminosyrer, som giver et komplet protein. Fr\u00f8ene har et balanceret forhold mellem omega fedtsyrer og er i till\u00e6g en udm\u00e6rket kilde til fiber.<\/p>\n\n\n\n<h3 class=\"wp-block-heading\">Sukrin<\/h3>\n\n\n\n<p>Sukrin er en naturlig sukkererstatning best\u00e5ende af sukkeralkoholen Erytritol som findes naturligt i bl.a. p\u00e6re og melon. Erytritol fremstilles ved en naturlig g\u00e6ringsproces og der er ingen kunstige tils\u00e6tninger i Sukrin. L\u00e6s mer <a href=\"http:\/\/sukrin.com\/dk\/sukrin\/om\/\">om Sukrin her.<\/a><\/p>\n\n\n\n<h3 class=\"wp-block-heading\">Chiamel<\/h3>\n\n\n\n<p>Mel af malede chiafr\u00f8. Chiafr\u00f8&nbsp;har et h\u00f8jt indhold af essentielle fedtsyrer, proteiner, antioxidanter, vitaminer og mineraler.<\/p>\n\n\n\n<h3 class=\"wp-block-heading\">H\u00e6vemiddel:&nbsp;kalium bikarbonat, glucono-delta-lakton<\/h3>\n\n\n\n<p>Dette er en neutral, mindre saltholdig erstatning for almindeligt h\u00e6vemiddel, da natrium er erstattet med kalium. Glucono-delta-lakton er et naturligt produkt af den milde glukonsyre, og har samme neutraliserende og h\u00e6velses-styrende effekt som difosfat i almindeligt bagepulver.<\/p>\n\n\n\n<h3 class=\"wp-block-heading\">Mineralsalt<\/h3>\n\n\n\n<p>Natriumklorid er almindeligt bordsalt. Vi har erstattet noget af saltm\u00e6ngden med kaliumklorid, da for stor m\u00e6ngde natrium ikke er godt for kroppen.<\/p>\n","protected":false},"excerpt":{"rendered":"<p>Ingredienser: Fiber (fra sukkerroer, cikorie, psyllium og \u00e6rter, Fiberfin: resistent majsstivelse), fr\u00f8 og kerner [&hellip;]<\/p>\n","protected":false},"author":1,"featured_media":0,"parent":1860,"menu_order":2,"comment_status":"open","ping_status":"open","template":"","meta":{"_monsterinsights_skip_tracking":false,"_monsterinsights_sitenote_active":false,"_monsterinsights_sitenote_note":"","_monsterinsights_sitenote_category":0,"footnotes":""},"product_types":[41],"class_list":["post-1865","page","type-page","status-publish","hentry","product_types-type-bread-chia"],"yoast_head":"<!-- This site is optimized with the Yoast SEO plugin v23.6 - https:\/\/yoast.com\/wordpress\/plugins\/seo\/ -->\n<title>Om ingredienserne - Sukrin Danmark<\/title>\n<meta name=\"robots\" content=\"index, follow, max-snippet:-1, max-image-preview:large, max-video-preview:-1\" \/>\n<link rel=\"canonical\" href=\"https:\/\/sukrin.com\/dk\/broedmix-chia-og-hamp-2\/ingredienser\/\" \/>\n<meta name=\"twitter:label1\" content=\"Estimeret l\u00e6setid\" \/>\n\t<meta name=\"twitter:data1\" content=\"2 minutter\" \/>\n<script type=\"application\/ld+json\" class=\"yoast-schema-graph\">{\"@context\":\"https:\/\/schema.org\",\"@graph\":[{\"@type\":\"WebPage\",\"@id\":\"https:\/\/sukrin.com\/dk\/broedmix-chia-og-hamp-2\/ingredienser\/\",\"url\":\"https:\/\/sukrin.com\/dk\/broedmix-chia-og-hamp-2\/ingredienser\/\",\"name\":\"Om ingredienserne - Sukrin Danmark\",\"isPartOf\":{\"@id\":\"http:\/\/sukrin.com\/dk\/#website\"},\"datePublished\":\"2015-04-14T09:54:27+00:00\",\"dateModified\":\"2022-12-06T14:44:23+00:00\",\"breadcrumb\":{\"@id\":\"https:\/\/sukrin.com\/dk\/broedmix-chia-og-hamp-2\/ingredienser\/#breadcrumb\"},\"inLanguage\":\"da-DK\",\"potentialAction\":[{\"@type\":\"ReadAction\",\"target\":[\"https:\/\/sukrin.com\/dk\/broedmix-chia-og-hamp-2\/ingredienser\/\"]}]},{\"@type\":\"BreadcrumbList\",\"@id\":\"https:\/\/sukrin.com\/dk\/broedmix-chia-og-hamp-2\/ingredienser\/#breadcrumb\",\"itemListElement\":[{\"@type\":\"ListItem\",\"position\":1,\"name\":\"Chiabr\u00f8d &#8211; Br\u00f8dmix med Chia og Hamp\",\"item\":\"https:\/\/sukrin.com\/dk\/broedmix-chia-og-hamp-2\/\"},{\"@type\":\"ListItem\",\"position\":2,\"name\":\"Om ingredienserne\"}]},{\"@type\":\"WebSite\",\"@id\":\"http:\/\/sukrin.com\/dk\/#website\",\"url\":\"http:\/\/sukrin.com\/dk\/\",\"name\":\"Sukrin Danmark\",\"description\":\"Sukrin - Healthy and tasty made easy\",\"potentialAction\":[{\"@type\":\"SearchAction\",\"target\":{\"@type\":\"EntryPoint\",\"urlTemplate\":\"http:\/\/sukrin.com\/dk\/?s={search_term_string}\"},\"query-input\":{\"@type\":\"PropertyValueSpecification\",\"valueRequired\":true,\"valueName\":\"search_term_string\"}}],\"inLanguage\":\"da-DK\"}]}<\/script>\n<!-- \/ Yoast SEO plugin. -->","yoast_head_json":{"title":"Om ingredienserne - Sukrin Danmark","robots":{"index":"index","follow":"follow","max-snippet":"max-snippet:-1","max-image-preview":"max-image-preview:large","max-video-preview":"max-video-preview:-1"},"canonical":"https:\/\/sukrin.com\/dk\/broedmix-chia-og-hamp-2\/ingredienser\/","twitter_misc":{"Estimeret l\u00e6setid":"2 minutter"},"schema":{"@context":"https:\/\/schema.org","@graph":[{"@type":"WebPage","@id":"https:\/\/sukrin.com\/dk\/broedmix-chia-og-hamp-2\/ingredienser\/","url":"https:\/\/sukrin.com\/dk\/broedmix-chia-og-hamp-2\/ingredienser\/","name":"Om ingredienserne - Sukrin Danmark","isPartOf":{"@id":"http:\/\/sukrin.com\/dk\/#website"},"datePublished":"2015-04-14T09:54:27+00:00","dateModified":"2022-12-06T14:44:23+00:00","breadcrumb":{"@id":"https:\/\/sukrin.com\/dk\/broedmix-chia-og-hamp-2\/ingredienser\/#breadcrumb"},"inLanguage":"da-DK","potentialAction":[{"@type":"ReadAction","target":["https:\/\/sukrin.com\/dk\/broedmix-chia-og-hamp-2\/ingredienser\/"]}]},{"@type":"BreadcrumbList","@id":"https:\/\/sukrin.com\/dk\/broedmix-chia-og-hamp-2\/ingredienser\/#breadcrumb","itemListElement":[{"@type":"ListItem","position":1,"name":"Chiabr\u00f8d &#8211; Br\u00f8dmix med Chia og Hamp","item":"https:\/\/sukrin.com\/dk\/broedmix-chia-og-hamp-2\/"},{"@type":"ListItem","position":2,"name":"Om ingredienserne"}]},{"@type":"WebSite","@id":"http:\/\/sukrin.com\/dk\/#website","url":"http:\/\/sukrin.com\/dk\/","name":"Sukrin Danmark","description":"Sukrin - Healthy and tasty made easy","potentialAction":[{"@type":"SearchAction","target":{"@type":"EntryPoint","urlTemplate":"http:\/\/sukrin.com\/dk\/?s={search_term_string}"},"query-input":{"@type":"PropertyValueSpecification","valueRequired":true,"valueName":"search_term_string"}}],"inLanguage":"da-DK"}]}},"_links":{"self":[{"href":"https:\/\/sukrin.com\/dk\/wp-json\/wp\/v2\/pages\/1865"}],"collection":[{"href":"https:\/\/sukrin.com\/dk\/wp-json\/wp\/v2\/pages"}],"about":[{"href":"https:\/\/sukrin.com\/dk\/wp-json\/wp\/v2\/types\/page"}],"author":[{"embeddable":true,"href":"https:\/\/sukrin.com\/dk\/wp-json\/wp\/v2\/users\/1"}],"replies":[{"embeddable":true,"href":"https:\/\/sukrin.com\/dk\/wp-json\/wp\/v2\/comments?post=1865"}],"version-history":[{"count":10,"href":"https:\/\/sukrin.com\/dk\/wp-json\/wp\/v2\/pages\/1865\/revisions"}],"predecessor-version":[{"id":2940,"href":"https:\/\/sukrin.com\/dk\/wp-json\/wp\/v2\/pages\/1865\/revisions\/2940"}],"up":[{"embeddable":true,"href":"https:\/\/sukrin.com\/dk\/wp-json\/wp\/v2\/pages\/1860"}],"wp:attachment":[{"href":"https:\/\/sukrin.com\/dk\/wp-json\/wp\/v2\/media?parent=1865"}],"wp:term":[{"taxonomy":"product_types","embeddable":true,"href":"https:\/\/sukrin.com\/dk\/wp-json\/wp\/v2\/product_types?post=1865"}],"curies":[{"name":"wp","href":"https:\/\/api.w.org\/{rel}","templated":true}]}}