{"id":1863,"date":"2015-04-14T11:39:09","date_gmt":"2015-04-14T09:39:09","guid":{"rendered":"http:\/\/sukrin.com\/dk\/?page_id=1863"},"modified":"2024-03-26T11:55:50","modified_gmt":"2024-03-26T09:55:50","slug":"om","status":"publish","type":"page","link":"https:\/\/sukrin.com\/dk\/broedmix-chia-og-hamp-2\/om\/","title":{"rendered":"Om Chia-br\u00f8d"},"content":{"rendered":"\n<h1 class=\"wp-block-heading\">Chia-br\u00f8d<\/h1>\n\n\n\n<h3 class=\"wp-block-heading\">Br\u00f8dmix med chia<\/h3>\n\n\n\n<p>Dette br\u00f8d er rigt p\u00e5 fiber og protein, og det indeholder desuden Omega-3 og calcium fra chiafr\u00f8. Br\u00f8det er uden \u00e6g, m\u00e6lk, gluten, g\u00e6r, sukker og soja. <\/p>\n\n\n\n<ul class=\"wp-block-list\">\n<li>Glutenfri<\/li>\n\n\n\n<li>Uden \u00e6g, m\u00e6lk, gluten, g\u00e6r og soja<\/li>\n\n\n\n<li>Skal kun tils\u00e6ttes vand, ingen \u00e6ltning eller h\u00e6vning<\/li>\n<\/ul>\n\n\n\n<h3 class=\"wp-block-heading\">Enkel tilberedning<\/h3>\n\n\n\n<p>Br\u00f8dmixen skal kun blandes med vand, og ingen \u00e6ltning eller h\u00e6vning er n\u00f8dvendig. &nbsp;Br\u00f8det holder sig frisk og saftigt i flere dage, og egner sig godt til nedfrysning.&nbsp;Tips: Sk\u00e6r br\u00f8det i skiver, f\u00f8r du fryser det, s\u00e5 kan du nemt opt\u00f8 de enkelte skiver p\u00e5 br\u00f8dristeren, n\u00e5r du f\u00e5r lyst til en mad.<\/p>\n\n\n\n<h3 class=\"wp-block-heading\">Tilberedning:<\/h3>\n\n\n\n<ul class=\"wp-block-list\">\n<li>S\u00e6t ovnen p\u00e5 200 \u00b0C<\/li>\n\n\n\n<li>Bland posens indhold med&nbsp;3 dl vand.<\/li>\n\n\n\n<li>Lad dejen hvile i ca. 5 min, og form derefter dejen til br\u00f8d eller rundstykker med fugtige h\u00e6nder.<\/li>\n\n\n\n<li>Bag br\u00f8det i ca 60 minutter&nbsp;midt i ovnen. For rundstykker: 20-25 min.<\/li>\n\n\n\n<li>Opbevares bedst i k\u00f8leskab.<\/li>\n<\/ul>\n\n\n\n<p>Nettov\u00e6gt: 250 g. Giver et f\u00e6rdigt br\u00f8d p\u00e5 ca 500 g.<\/p>\n\n\n\n<p>N\u00e6ringsindhold pr 100 g<strong>&nbsp;t\u00f8rvare<\/strong>:<br>Kalorier: 328&nbsp;&#8211;&nbsp;Protein: 19,1&nbsp;g &#8211;&nbsp;Kulhydrat: 7,0&nbsp;g &nbsp;&#8211;&nbsp;Kostfiber: 36,4&nbsp;g &#8211;&nbsp;Fedt: 17,9&nbsp;g<\/p>\n\n\n\n<p><\/p>\n","protected":false},"excerpt":{"rendered":"<p>Chia-br\u00f8d Br\u00f8dmix med chia Dette br\u00f8d er rigt p\u00e5 fiber og protein, og det [&hellip;]<\/p>\n","protected":false},"author":1,"featured_media":0,"parent":1860,"menu_order":0,"comment_status":"open","ping_status":"open","template":"","meta":{"_monsterinsights_skip_tracking":false,"_monsterinsights_sitenote_active":false,"_monsterinsights_sitenote_note":"","_monsterinsights_sitenote_category":0,"footnotes":""},"product_types":[41],"class_list":["post-1863","page","type-page","status-publish","hentry","product_types-type-bread-chia"],"yoast_head":"<!-- This site is optimized with the Yoast SEO plugin v23.6 - https:\/\/yoast.com\/wordpress\/plugins\/seo\/ -->\n<title>Sukrin Chia br\u00f8d - glutenfri - low carb<\/title>\n<meta name=\"description\" content=\"Dette br\u00f8d er s\u00e5 fyldt af sunde ingredienser, og s\u00e5 velafbalanceret ern\u00e6ringsm\u00e6ssigt, at det virkelig lever op til navnet superbr\u00f8d.\" \/>\n<meta name=\"robots\" content=\"index, follow, max-snippet:-1, max-image-preview:large, max-video-preview:-1\" \/>\n<link rel=\"canonical\" href=\"https:\/\/sukrin.com\/dk\/broedmix-chia-og-hamp-2\/om\/\" \/>\n<meta name=\"twitter:label1\" content=\"Estimeret l\u00e6setid\" \/>\n\t<meta name=\"twitter:data1\" content=\"1 minut\" \/>\n<script type=\"application\/ld+json\" class=\"yoast-schema-graph\">{\"@context\":\"https:\/\/schema.org\",\"@graph\":[{\"@type\":\"WebPage\",\"@id\":\"https:\/\/sukrin.com\/dk\/broedmix-chia-og-hamp-2\/om\/\",\"url\":\"https:\/\/sukrin.com\/dk\/broedmix-chia-og-hamp-2\/om\/\",\"name\":\"Sukrin Chia br\u00f8d - glutenfri - low carb\",\"isPartOf\":{\"@id\":\"http:\/\/sukrin.com\/dk\/#website\"},\"datePublished\":\"2015-04-14T09:39:09+00:00\",\"dateModified\":\"2024-03-26T09:55:50+00:00\",\"description\":\"Dette br\u00f8d er s\u00e5 fyldt af sunde ingredienser, og s\u00e5 velafbalanceret ern\u00e6ringsm\u00e6ssigt, at det virkelig lever op til navnet superbr\u00f8d.\",\"breadcrumb\":{\"@id\":\"https:\/\/sukrin.com\/dk\/broedmix-chia-og-hamp-2\/om\/#breadcrumb\"},\"inLanguage\":\"da-DK\",\"potentialAction\":[{\"@type\":\"ReadAction\",\"target\":[\"https:\/\/sukrin.com\/dk\/broedmix-chia-og-hamp-2\/om\/\"]}]},{\"@type\":\"BreadcrumbList\",\"@id\":\"https:\/\/sukrin.com\/dk\/broedmix-chia-og-hamp-2\/om\/#breadcrumb\",\"itemListElement\":[{\"@type\":\"ListItem\",\"position\":1,\"name\":\"Chiabr\u00f8d &#8211; Br\u00f8dmix med Chia og Hamp\",\"item\":\"https:\/\/sukrin.com\/dk\/broedmix-chia-og-hamp-2\/\"},{\"@type\":\"ListItem\",\"position\":2,\"name\":\"Om Chia-br\u00f8d\"}]},{\"@type\":\"WebSite\",\"@id\":\"http:\/\/sukrin.com\/dk\/#website\",\"url\":\"http:\/\/sukrin.com\/dk\/\",\"name\":\"Sukrin Danmark\",\"description\":\"Sukrin - Healthy and tasty made easy\",\"potentialAction\":[{\"@type\":\"SearchAction\",\"target\":{\"@type\":\"EntryPoint\",\"urlTemplate\":\"http:\/\/sukrin.com\/dk\/?s={search_term_string}\"},\"query-input\":{\"@type\":\"PropertyValueSpecification\",\"valueRequired\":true,\"valueName\":\"search_term_string\"}}],\"inLanguage\":\"da-DK\"}]}<\/script>\n<!-- \/ Yoast SEO plugin. -->","yoast_head_json":{"title":"Sukrin Chia br\u00f8d - glutenfri - low carb","description":"Dette br\u00f8d er s\u00e5 fyldt af sunde ingredienser, og s\u00e5 velafbalanceret ern\u00e6ringsm\u00e6ssigt, at det virkelig lever op til navnet superbr\u00f8d.","robots":{"index":"index","follow":"follow","max-snippet":"max-snippet:-1","max-image-preview":"max-image-preview:large","max-video-preview":"max-video-preview:-1"},"canonical":"https:\/\/sukrin.com\/dk\/broedmix-chia-og-hamp-2\/om\/","twitter_misc":{"Estimeret l\u00e6setid":"1 minut"},"schema":{"@context":"https:\/\/schema.org","@graph":[{"@type":"WebPage","@id":"https:\/\/sukrin.com\/dk\/broedmix-chia-og-hamp-2\/om\/","url":"https:\/\/sukrin.com\/dk\/broedmix-chia-og-hamp-2\/om\/","name":"Sukrin Chia br\u00f8d - glutenfri - low carb","isPartOf":{"@id":"http:\/\/sukrin.com\/dk\/#website"},"datePublished":"2015-04-14T09:39:09+00:00","dateModified":"2024-03-26T09:55:50+00:00","description":"Dette br\u00f8d er s\u00e5 fyldt af sunde ingredienser, og s\u00e5 velafbalanceret ern\u00e6ringsm\u00e6ssigt, at det virkelig lever op til navnet superbr\u00f8d.","breadcrumb":{"@id":"https:\/\/sukrin.com\/dk\/broedmix-chia-og-hamp-2\/om\/#breadcrumb"},"inLanguage":"da-DK","potentialAction":[{"@type":"ReadAction","target":["https:\/\/sukrin.com\/dk\/broedmix-chia-og-hamp-2\/om\/"]}]},{"@type":"BreadcrumbList","@id":"https:\/\/sukrin.com\/dk\/broedmix-chia-og-hamp-2\/om\/#breadcrumb","itemListElement":[{"@type":"ListItem","position":1,"name":"Chiabr\u00f8d &#8211; Br\u00f8dmix med Chia og Hamp","item":"https:\/\/sukrin.com\/dk\/broedmix-chia-og-hamp-2\/"},{"@type":"ListItem","position":2,"name":"Om Chia-br\u00f8d"}]},{"@type":"WebSite","@id":"http:\/\/sukrin.com\/dk\/#website","url":"http:\/\/sukrin.com\/dk\/","name":"Sukrin Danmark","description":"Sukrin - Healthy and tasty made easy","potentialAction":[{"@type":"SearchAction","target":{"@type":"EntryPoint","urlTemplate":"http:\/\/sukrin.com\/dk\/?s={search_term_string}"},"query-input":{"@type":"PropertyValueSpecification","valueRequired":true,"valueName":"search_term_string"}}],"inLanguage":"da-DK"}]}},"_links":{"self":[{"href":"https:\/\/sukrin.com\/dk\/wp-json\/wp\/v2\/pages\/1863"}],"collection":[{"href":"https:\/\/sukrin.com\/dk\/wp-json\/wp\/v2\/pages"}],"about":[{"href":"https:\/\/sukrin.com\/dk\/wp-json\/wp\/v2\/types\/page"}],"author":[{"embeddable":true,"href":"https:\/\/sukrin.com\/dk\/wp-json\/wp\/v2\/users\/1"}],"replies":[{"embeddable":true,"href":"https:\/\/sukrin.com\/dk\/wp-json\/wp\/v2\/comments?post=1863"}],"version-history":[{"count":18,"href":"https:\/\/sukrin.com\/dk\/wp-json\/wp\/v2\/pages\/1863\/revisions"}],"predecessor-version":[{"id":3080,"href":"https:\/\/sukrin.com\/dk\/wp-json\/wp\/v2\/pages\/1863\/revisions\/3080"}],"up":[{"embeddable":true,"href":"https:\/\/sukrin.com\/dk\/wp-json\/wp\/v2\/pages\/1860"}],"wp:attachment":[{"href":"https:\/\/sukrin.com\/dk\/wp-json\/wp\/v2\/media?parent=1863"}],"wp:term":[{"taxonomy":"product_types","embeddable":true,"href":"https:\/\/sukrin.com\/dk\/wp-json\/wp\/v2\/product_types?post=1863"}],"curies":[{"name":"wp","href":"https:\/\/api.w.org\/{rel}","templated":true}]}}