{"id":1830,"date":"2016-05-30T12:32:08","date_gmt":"2016-05-30T10:32:08","guid":{"rendered":"http:\/\/sukrin.com\/dk\/?page_id=1830"},"modified":"2022-12-06T15:52:39","modified_gmt":"2022-12-06T13:52:39","slug":"om","status":"publish","type":"page","link":"https:\/\/sukrin.com\/dk\/sukrin1\/om\/","title":{"rendered":"Om Sukrin:1"},"content":{"rendered":"\n<h1 class=\"wp-block-heading\">Sukrin:1, 500 g<\/h1>\n\n\n\n<p>Sukrin:1 er Sukrin tilsat en lille m\u00e6ngde stevia, hvorfor det har samme s\u00f8dningsgrad som sukker. Sukrin:1 kan derfor bruges 1:1 (og deraf navnet). Sukrin:1 smager og ser ud som sukker, posen ligger godt i h\u00e5nden og er prisvenlig.<\/p>\n\n\n\n<p>Sukrin:1 er et s\u00f8demiddel til bordbrug baseret p\u00e5 erythritol og steviolglykosider. Sukrin:1 er perfekt som str\u00f8sukker, i kaffe og the samt i desserter.<\/p>\n\n\n\n<p>Sukrin:1 har et lavt energiindhold (0 kcal\/100 gram). Indtagelse af f\u00f8devarer, der indeholder erythritol (Sukrin) i stedet for sukker, begr\u00e6nser stigningen i blodsukkerniveauet i forhold til sukkerholdige f\u00f8devarer.<\/p>\n\n\n<div class=\"wp-block-image size-thumbnail wp-image-2094\">\n<figure class=\"alignright size-large is-resized\"><a href=\"http:\/\/sukrin.com\/dk\/files\/2022\/12\/Sukrin1_500g_NOR_EU_WEB_CROP.png\"><img loading=\"lazy\" decoding=\"async\" src=\"http:\/\/sukrin.com\/dk\/files\/2022\/12\/Sukrin1_500g_NOR_EU_WEB_CROP-802x1024.png\" alt=\"Sukrin:1\" class=\"wp-image-2925\" width=\"201\" height=\"256\" srcset=\"https:\/\/sukrin.com\/dk\/files\/2022\/12\/Sukrin1_500g_NOR_EU_WEB_CROP-802x1024.png 802w, https:\/\/sukrin.com\/dk\/files\/2022\/12\/Sukrin1_500g_NOR_EU_WEB_CROP-235x300.png 235w, https:\/\/sukrin.com\/dk\/files\/2022\/12\/Sukrin1_500g_NOR_EU_WEB_CROP-768x980.png 768w, https:\/\/sukrin.com\/dk\/files\/2022\/12\/Sukrin1_500g_NOR_EU_WEB_CROP-109x139.png 109w, https:\/\/sukrin.com\/dk\/files\/2022\/12\/Sukrin1_500g_NOR_EU_WEB_CROP-200x255.png 200w, https:\/\/sukrin.com\/dk\/files\/2022\/12\/Sukrin1_500g_NOR_EU_WEB_CROP-111x142.png 111w, https:\/\/sukrin.com\/dk\/files\/2022\/12\/Sukrin1_500g_NOR_EU_WEB_CROP-320x409.png 320w, https:\/\/sukrin.com\/dk\/files\/2022\/12\/Sukrin1_500g_NOR_EU_WEB_CROP-640x817.png 640w, https:\/\/sukrin.com\/dk\/files\/2022\/12\/Sukrin1_500g_NOR_EU_WEB_CROP.png 900w\" sizes=\"(max-width: 201px) 100vw, 201px\" \/><\/a><\/figure><\/div>\n\n\n<h2 class=\"wp-block-heading\">N\u00e6ringsindhold pr. 100 g:<\/h2>\n\n\n\n<p>Energi: 0 kJ\/0 kcal<br>Fedt: 0 g<br>-heraf m\u00e6ttet: 0 g<br>Kulhydrat: 100 g<br>-heraf sukkerarter: 0 g<br>-heraf polyoler: 100 g*<br>Kostfiber: 0 g<br>Protein: 0 g<br>Salt: 0 g<br>*kulhydrater som ikke metaboliseres i kroppen.<\/p>\n","protected":false},"excerpt":{"rendered":"<p>Sukrin:1, 500 g Sukrin:1 er Sukrin tilsat en lille m\u00e6ngde stevia, hvorfor det har [&hellip;]<\/p>\n","protected":false},"author":1,"featured_media":0,"parent":1828,"menu_order":0,"comment_status":"open","ping_status":"open","template":"","meta":{"_monsterinsights_skip_tracking":false,"_monsterinsights_sitenote_active":false,"_monsterinsights_sitenote_note":"","_monsterinsights_sitenote_category":0,"footnotes":""},"product_types":[39],"class_list":["post-1830","page","type-page","status-publish","hentry","product_types-type-sukrin1"],"yoast_head":"<!-- This site is optimized with the Yoast SEO plugin v23.6 - https:\/\/yoast.com\/wordpress\/plugins\/seo\/ -->\n<title>Sukrin:1 - naturlig og kaloriefri sukkererstatning<\/title>\n<meta name=\"description\" content=\"Sukrin:1 er Sukrin tilsat en lille m\u00e6ngde stevia. Det har samme s\u00f8dningsgrad som sukker, smager og ser ud som sukker.\" \/>\n<meta name=\"robots\" content=\"index, follow, max-snippet:-1, max-image-preview:large, max-video-preview:-1\" \/>\n<link rel=\"canonical\" href=\"https:\/\/sukrin.com\/dk\/sukrin1\/om\/\" \/>\n<meta name=\"twitter:label1\" content=\"Estimeret l\u00e6setid\" \/>\n\t<meta name=\"twitter:data1\" content=\"1 minut\" \/>\n<script type=\"application\/ld+json\" class=\"yoast-schema-graph\">{\"@context\":\"https:\/\/schema.org\",\"@graph\":[{\"@type\":\"WebPage\",\"@id\":\"https:\/\/sukrin.com\/dk\/sukrin1\/om\/\",\"url\":\"https:\/\/sukrin.com\/dk\/sukrin1\/om\/\",\"name\":\"Sukrin:1 - naturlig og kaloriefri sukkererstatning\",\"isPartOf\":{\"@id\":\"http:\/\/sukrin.com\/dk\/#website\"},\"primaryImageOfPage\":{\"@id\":\"https:\/\/sukrin.com\/dk\/sukrin1\/om\/#primaryimage\"},\"image\":{\"@id\":\"https:\/\/sukrin.com\/dk\/sukrin1\/om\/#primaryimage\"},\"thumbnailUrl\":\"http:\/\/sukrin.com\/dk\/files\/2022\/12\/Sukrin1_500g_NOR_EU_WEB_CROP-802x1024.png\",\"datePublished\":\"2016-05-30T10:32:08+00:00\",\"dateModified\":\"2022-12-06T13:52:39+00:00\",\"description\":\"Sukrin:1 er Sukrin tilsat en lille m\u00e6ngde stevia. Det har samme s\u00f8dningsgrad som sukker, smager og ser ud som sukker.\",\"breadcrumb\":{\"@id\":\"https:\/\/sukrin.com\/dk\/sukrin1\/om\/#breadcrumb\"},\"inLanguage\":\"da-DK\",\"potentialAction\":[{\"@type\":\"ReadAction\",\"target\":[\"https:\/\/sukrin.com\/dk\/sukrin1\/om\/\"]}]},{\"@type\":\"ImageObject\",\"inLanguage\":\"da-DK\",\"@id\":\"https:\/\/sukrin.com\/dk\/sukrin1\/om\/#primaryimage\",\"url\":\"https:\/\/sukrin.com\/dk\/files\/2022\/12\/Sukrin1_500g_NOR_EU_WEB_CROP.png\",\"contentUrl\":\"https:\/\/sukrin.com\/dk\/files\/2022\/12\/Sukrin1_500g_NOR_EU_WEB_CROP.png\",\"width\":900,\"height\":1149,\"caption\":\"Sukrin:1\"},{\"@type\":\"BreadcrumbList\",\"@id\":\"https:\/\/sukrin.com\/dk\/sukrin1\/om\/#breadcrumb\",\"itemListElement\":[{\"@type\":\"ListItem\",\"position\":1,\"name\":\"Sukrin:1\",\"item\":\"https:\/\/sukrin.com\/dk\/sukrin1\/\"},{\"@type\":\"ListItem\",\"position\":2,\"name\":\"Om Sukrin:1\"}]},{\"@type\":\"WebSite\",\"@id\":\"http:\/\/sukrin.com\/dk\/#website\",\"url\":\"http:\/\/sukrin.com\/dk\/\",\"name\":\"Sukrin Danmark\",\"description\":\"Sukrin - Healthy and tasty made easy\",\"potentialAction\":[{\"@type\":\"SearchAction\",\"target\":{\"@type\":\"EntryPoint\",\"urlTemplate\":\"http:\/\/sukrin.com\/dk\/?s={search_term_string}\"},\"query-input\":{\"@type\":\"PropertyValueSpecification\",\"valueRequired\":true,\"valueName\":\"search_term_string\"}}],\"inLanguage\":\"da-DK\"}]}<\/script>\n<!-- \/ Yoast SEO plugin. -->","yoast_head_json":{"title":"Sukrin:1 - naturlig og kaloriefri sukkererstatning","description":"Sukrin:1 er Sukrin tilsat en lille m\u00e6ngde stevia. Det har samme s\u00f8dningsgrad som sukker, smager og ser ud som sukker.","robots":{"index":"index","follow":"follow","max-snippet":"max-snippet:-1","max-image-preview":"max-image-preview:large","max-video-preview":"max-video-preview:-1"},"canonical":"https:\/\/sukrin.com\/dk\/sukrin1\/om\/","twitter_misc":{"Estimeret l\u00e6setid":"1 minut"},"schema":{"@context":"https:\/\/schema.org","@graph":[{"@type":"WebPage","@id":"https:\/\/sukrin.com\/dk\/sukrin1\/om\/","url":"https:\/\/sukrin.com\/dk\/sukrin1\/om\/","name":"Sukrin:1 - naturlig og kaloriefri sukkererstatning","isPartOf":{"@id":"http:\/\/sukrin.com\/dk\/#website"},"primaryImageOfPage":{"@id":"https:\/\/sukrin.com\/dk\/sukrin1\/om\/#primaryimage"},"image":{"@id":"https:\/\/sukrin.com\/dk\/sukrin1\/om\/#primaryimage"},"thumbnailUrl":"http:\/\/sukrin.com\/dk\/files\/2022\/12\/Sukrin1_500g_NOR_EU_WEB_CROP-802x1024.png","datePublished":"2016-05-30T10:32:08+00:00","dateModified":"2022-12-06T13:52:39+00:00","description":"Sukrin:1 er Sukrin tilsat en lille m\u00e6ngde stevia. Det har samme s\u00f8dningsgrad som sukker, smager og ser ud som sukker.","breadcrumb":{"@id":"https:\/\/sukrin.com\/dk\/sukrin1\/om\/#breadcrumb"},"inLanguage":"da-DK","potentialAction":[{"@type":"ReadAction","target":["https:\/\/sukrin.com\/dk\/sukrin1\/om\/"]}]},{"@type":"ImageObject","inLanguage":"da-DK","@id":"https:\/\/sukrin.com\/dk\/sukrin1\/om\/#primaryimage","url":"https:\/\/sukrin.com\/dk\/files\/2022\/12\/Sukrin1_500g_NOR_EU_WEB_CROP.png","contentUrl":"https:\/\/sukrin.com\/dk\/files\/2022\/12\/Sukrin1_500g_NOR_EU_WEB_CROP.png","width":900,"height":1149,"caption":"Sukrin:1"},{"@type":"BreadcrumbList","@id":"https:\/\/sukrin.com\/dk\/sukrin1\/om\/#breadcrumb","itemListElement":[{"@type":"ListItem","position":1,"name":"Sukrin:1","item":"https:\/\/sukrin.com\/dk\/sukrin1\/"},{"@type":"ListItem","position":2,"name":"Om Sukrin:1"}]},{"@type":"WebSite","@id":"http:\/\/sukrin.com\/dk\/#website","url":"http:\/\/sukrin.com\/dk\/","name":"Sukrin Danmark","description":"Sukrin - Healthy and tasty made easy","potentialAction":[{"@type":"SearchAction","target":{"@type":"EntryPoint","urlTemplate":"http:\/\/sukrin.com\/dk\/?s={search_term_string}"},"query-input":{"@type":"PropertyValueSpecification","valueRequired":true,"valueName":"search_term_string"}}],"inLanguage":"da-DK"}]}},"_links":{"self":[{"href":"https:\/\/sukrin.com\/dk\/wp-json\/wp\/v2\/pages\/1830"}],"collection":[{"href":"https:\/\/sukrin.com\/dk\/wp-json\/wp\/v2\/pages"}],"about":[{"href":"https:\/\/sukrin.com\/dk\/wp-json\/wp\/v2\/types\/page"}],"author":[{"embeddable":true,"href":"https:\/\/sukrin.com\/dk\/wp-json\/wp\/v2\/users\/1"}],"replies":[{"embeddable":true,"href":"https:\/\/sukrin.com\/dk\/wp-json\/wp\/v2\/comments?post=1830"}],"version-history":[{"count":15,"href":"https:\/\/sukrin.com\/dk\/wp-json\/wp\/v2\/pages\/1830\/revisions"}],"predecessor-version":[{"id":2926,"href":"https:\/\/sukrin.com\/dk\/wp-json\/wp\/v2\/pages\/1830\/revisions\/2926"}],"up":[{"embeddable":true,"href":"https:\/\/sukrin.com\/dk\/wp-json\/wp\/v2\/pages\/1828"}],"wp:attachment":[{"href":"https:\/\/sukrin.com\/dk\/wp-json\/wp\/v2\/media?parent=1830"}],"wp:term":[{"taxonomy":"product_types","embeddable":true,"href":"https:\/\/sukrin.com\/dk\/wp-json\/wp\/v2\/product_types?post=1830"}],"curies":[{"name":"wp","href":"https:\/\/api.w.org\/{rel}","templated":true}]}}