{"id":183,"date":"2010-11-18T13:33:51","date_gmt":"2010-11-18T13:33:51","guid":{"rendered":"http:\/\/localhost\/"},"modified":"2024-11-25T17:04:18","modified_gmt":"2024-11-25T15:04:18","slug":"om-os","status":"publish","type":"page","link":"https:\/\/sukrin.com\/dk\/information\/om-os\/","title":{"rendered":"Om os"},"content":{"rendered":"\n<h1 class=\"wp-block-heading\">Om Sukrin Danmark ApS<\/h1>\n\n\n\n<p><strong>Sukrin Danmark ApS<\/strong> blev stiftet i 2008 med det form\u00e5l at skaffe det nye s\u00f8demiddel Sukrin til Danmark. Sukrin-firmaet i Norge lanceredes \u00e5ret f\u00f8r og havde til form\u00e5l at tilbyde innovative hverdagsprodukter til erstatning for mindre sunde madvarer &#8211; uden at den gode smag blev ofret.<\/p>\n\n\n\n<p>Hurtigt fik Sukrin f\u00f8lge af flere nye produkter kommet til, bl.a. nyskabelsen Sukrin Gold, som nok er den mest velsmagende kaloriefri sukkererstatning p\u00e5 markedet.<\/p>\n\n\n\n<p>Alle vores produkter er baseret p\u00e5 naturlige ingredienser. Eftersp\u00f8rgslen er steget voldsomt, og Sukrin-produkterne er nu at finde i de fleste europ\u00e6iske lande samt i Nordamerika.<\/p>\n\n\n\n<p>Her hos Sukrin Danmark er det vores ambition hele tiden at finde nye og interessante produkter, der kan g\u00f8r dit sunde liv sjovere. S\u00e5 hvorfor ikke f\u00f8lge #g\u00f8rditsundelivsjovere p\u00e5 instagram?<\/p>\n\n\n\n<p><strong>Hvis du \u00f8nsker at blive forhandler af vores produkter, s\u00e5 er du meget velkommen til at henvende dig. <\/strong><\/p>\n\n\n\n<p><strong>Vores produkter kan ogs\u00e5 bestilles igennem <a href=\"https:\/\/www.helsam.dk\/maerker\/f\/funksjonellmat\" target=\"_blank\" rel=\"noopener noreferrer\">Helsam A\/S<\/a>&nbsp;.<br><\/strong><\/p>\n\n\n\n<h2 class=\"wp-block-heading\">Kontaktinfo:<\/h2>\n\n\n\n<p>Sukrin Danmark ApS<br>B\u00f8dkervej 19<br>3100 Hornb\u00e6k<br>CVR: 31853370<br>E-Mail: <a href=\"mailto:info@funktionelmad.dk\">info@sukrin.dk<\/a><\/p>\n\n\n\n<p>F\u00f8lg os p\u00e5 <a href=\"http:\/\/instagram.com\/sukrin.dk\/\">instagram<\/a> og <a href=\"http:\/\/www.facebook.com\/sukrindk\" target=\"_blank\" rel=\"noopener noreferrer\">facebook<\/a>.<\/p>\n","protected":false},"excerpt":{"rendered":"<p>Om Sukrin Danmark ApS Sukrin Danmark ApS blev stiftet i 2008 med det form\u00e5l [&hellip;]<\/p>\n","protected":false},"author":1,"featured_media":0,"parent":1742,"menu_order":0,"comment_status":"open","ping_status":"closed","template":"","meta":{"_monsterinsights_skip_tracking":false,"_monsterinsights_sitenote_active":false,"_monsterinsights_sitenote_note":"","_monsterinsights_sitenote_category":0,"footnotes":""},"product_types":[17],"class_list":["post-183","page","type-page","status-publish","hentry","product_types-type-sukrin"],"yoast_head":"<!-- This site is optimized with the Yoast SEO plugin v23.6 - https:\/\/yoast.com\/wordpress\/plugins\/seo\/ -->\n<title>Om os - Sukrin Danmark<\/title>\n<meta name=\"robots\" content=\"index, follow, max-snippet:-1, max-image-preview:large, max-video-preview:-1\" \/>\n<link rel=\"canonical\" href=\"https:\/\/sukrin.com\/dk\/information\/om-os\/\" \/>\n<meta name=\"twitter:label1\" content=\"Estimeret l\u00e6setid\" \/>\n\t<meta name=\"twitter:data1\" content=\"1 minut\" \/>\n<script type=\"application\/ld+json\" class=\"yoast-schema-graph\">{\"@context\":\"https:\/\/schema.org\",\"@graph\":[{\"@type\":\"WebPage\",\"@id\":\"https:\/\/sukrin.com\/dk\/information\/om-os\/\",\"url\":\"https:\/\/sukrin.com\/dk\/information\/om-os\/\",\"name\":\"Om os - Sukrin Danmark\",\"isPartOf\":{\"@id\":\"http:\/\/sukrin.com\/dk\/#website\"},\"datePublished\":\"2010-11-18T13:33:51+00:00\",\"dateModified\":\"2024-11-25T15:04:18+00:00\",\"breadcrumb\":{\"@id\":\"https:\/\/sukrin.com\/dk\/information\/om-os\/#breadcrumb\"},\"inLanguage\":\"da-DK\",\"potentialAction\":[{\"@type\":\"ReadAction\",\"target\":[\"https:\/\/sukrin.com\/dk\/information\/om-os\/\"]}]},{\"@type\":\"BreadcrumbList\",\"@id\":\"https:\/\/sukrin.com\/dk\/information\/om-os\/#breadcrumb\",\"itemListElement\":[{\"@type\":\"ListItem\",\"position\":1,\"name\":\"Information\",\"item\":\"https:\/\/sukrin.com\/dk\/information\/\"},{\"@type\":\"ListItem\",\"position\":2,\"name\":\"Om os\"}]},{\"@type\":\"WebSite\",\"@id\":\"http:\/\/sukrin.com\/dk\/#website\",\"url\":\"http:\/\/sukrin.com\/dk\/\",\"name\":\"Sukrin Danmark\",\"description\":\"Sukrin - Healthy and tasty made easy\",\"potentialAction\":[{\"@type\":\"SearchAction\",\"target\":{\"@type\":\"EntryPoint\",\"urlTemplate\":\"http:\/\/sukrin.com\/dk\/?s={search_term_string}\"},\"query-input\":{\"@type\":\"PropertyValueSpecification\",\"valueRequired\":true,\"valueName\":\"search_term_string\"}}],\"inLanguage\":\"da-DK\"}]}<\/script>\n<!-- \/ Yoast SEO plugin. -->","yoast_head_json":{"title":"Om os - Sukrin Danmark","robots":{"index":"index","follow":"follow","max-snippet":"max-snippet:-1","max-image-preview":"max-image-preview:large","max-video-preview":"max-video-preview:-1"},"canonical":"https:\/\/sukrin.com\/dk\/information\/om-os\/","twitter_misc":{"Estimeret l\u00e6setid":"1 minut"},"schema":{"@context":"https:\/\/schema.org","@graph":[{"@type":"WebPage","@id":"https:\/\/sukrin.com\/dk\/information\/om-os\/","url":"https:\/\/sukrin.com\/dk\/information\/om-os\/","name":"Om os - Sukrin Danmark","isPartOf":{"@id":"http:\/\/sukrin.com\/dk\/#website"},"datePublished":"2010-11-18T13:33:51+00:00","dateModified":"2024-11-25T15:04:18+00:00","breadcrumb":{"@id":"https:\/\/sukrin.com\/dk\/information\/om-os\/#breadcrumb"},"inLanguage":"da-DK","potentialAction":[{"@type":"ReadAction","target":["https:\/\/sukrin.com\/dk\/information\/om-os\/"]}]},{"@type":"BreadcrumbList","@id":"https:\/\/sukrin.com\/dk\/information\/om-os\/#breadcrumb","itemListElement":[{"@type":"ListItem","position":1,"name":"Information","item":"https:\/\/sukrin.com\/dk\/information\/"},{"@type":"ListItem","position":2,"name":"Om os"}]},{"@type":"WebSite","@id":"http:\/\/sukrin.com\/dk\/#website","url":"http:\/\/sukrin.com\/dk\/","name":"Sukrin Danmark","description":"Sukrin - Healthy and tasty made easy","potentialAction":[{"@type":"SearchAction","target":{"@type":"EntryPoint","urlTemplate":"http:\/\/sukrin.com\/dk\/?s={search_term_string}"},"query-input":{"@type":"PropertyValueSpecification","valueRequired":true,"valueName":"search_term_string"}}],"inLanguage":"da-DK"}]}},"_links":{"self":[{"href":"https:\/\/sukrin.com\/dk\/wp-json\/wp\/v2\/pages\/183"}],"collection":[{"href":"https:\/\/sukrin.com\/dk\/wp-json\/wp\/v2\/pages"}],"about":[{"href":"https:\/\/sukrin.com\/dk\/wp-json\/wp\/v2\/types\/page"}],"author":[{"embeddable":true,"href":"https:\/\/sukrin.com\/dk\/wp-json\/wp\/v2\/users\/1"}],"replies":[{"embeddable":true,"href":"https:\/\/sukrin.com\/dk\/wp-json\/wp\/v2\/comments?post=183"}],"version-history":[{"count":26,"href":"https:\/\/sukrin.com\/dk\/wp-json\/wp\/v2\/pages\/183\/revisions"}],"predecessor-version":[{"id":3017,"href":"https:\/\/sukrin.com\/dk\/wp-json\/wp\/v2\/pages\/183\/revisions\/3017"}],"up":[{"embeddable":true,"href":"https:\/\/sukrin.com\/dk\/wp-json\/wp\/v2\/pages\/1742"}],"wp:attachment":[{"href":"https:\/\/sukrin.com\/dk\/wp-json\/wp\/v2\/media?parent=183"}],"wp:term":[{"taxonomy":"product_types","embeddable":true,"href":"https:\/\/sukrin.com\/dk\/wp-json\/wp\/v2\/product_types?post=183"}],"curies":[{"name":"wp","href":"https:\/\/api.w.org\/{rel}","templated":true}]}}