{"id":1758,"date":"2014-12-16T11:35:08","date_gmt":"2014-12-16T09:35:08","guid":{"rendered":"http:\/\/sukrin.com\/dk\/?page_id=1758"},"modified":"2024-11-25T16:42:13","modified_gmt":"2024-11-25T14:42:13","slug":"om-sukrin-chokolade","status":"publish","type":"page","link":"https:\/\/sukrin.com\/dk\/sukrin-chokolade\/om-sukrin-chokolade\/","title":{"rendered":"Om Sukrin Chokolade"},"content":{"rendered":"\n<h1 class=\"wp-block-heading\">Sukrinchokolade<img loading=\"lazy\" decoding=\"async\" class=\"alignright size-full wp-image-7038\" src=\"\/dk\/files\/2024\/11\/milkchocolatex4_vifte-300x300-1.png\" alt=\"\" width=\"220\" height=\"257\"><\/h1>\n\n\n\n<p>Sukrinchokolade&nbsp;er&nbsp;tre gode m\u00e6lkechokolader med lavt&nbsp;kalorieindhold. Chokoladene har en fl\u00f8jelsbl\u00f8d konsistens, og er s\u00f8det med Sukrin og stevia, som begge er naturlige og kaloriefrie s\u00f8destoffer. En plade p\u00e5 40 gram indeholder 160\/170 kalorier. Chokoladen findes i tre varianter: Ren&nbsp;m\u00e6lkechokolade, M\u00e6lkechokolade med&nbsp;mandler &amp; havsalt og M\u00e6lkechokolade med&nbsp;kokos.<\/p>\n","protected":false},"excerpt":{"rendered":"<p>Sukrinchokolade Sukrinchokolade&nbsp;er&nbsp;tre gode m\u00e6lkechokolader med lavt&nbsp;kalorieindhold. Chokoladene har en fl\u00f8jelsbl\u00f8d konsistens, og er s\u00f8det [&hellip;]<\/p>\n","protected":false},"author":1,"featured_media":0,"parent":1763,"menu_order":0,"comment_status":"open","ping_status":"open","template":"","meta":{"_monsterinsights_skip_tracking":false,"_monsterinsights_sitenote_active":false,"_monsterinsights_sitenote_note":"","_monsterinsights_sitenote_category":0,"footnotes":""},"product_types":[38],"class_list":["post-1758","page","type-page","status-publish","hentry","product_types-type-sukrinchokolade"],"yoast_head":"<!-- This site is optimized with the Yoast SEO plugin v23.6 - https:\/\/yoast.com\/wordpress\/plugins\/seo\/ -->\n<title>Sukrin Milk chocolate - uden tilsat sukker<\/title>\n<meta name=\"description\" content=\"Sukrin milk chocolate har en fl\u00f8jelsbl\u00f8d konsistens, og er s\u00f8det med Sukrin og stevia, som begge er naturlige og kaloriefrie s\u00f8destoffer.\" \/>\n<meta name=\"robots\" content=\"index, follow, max-snippet:-1, max-image-preview:large, max-video-preview:-1\" \/>\n<link rel=\"canonical\" href=\"https:\/\/sukrin.com\/dk\/sukrin-chokolade\/om-sukrin-chokolade\/\" \/>\n<meta name=\"twitter:label1\" content=\"Estimeret l\u00e6setid\" \/>\n\t<meta name=\"twitter:data1\" content=\"1 minut\" \/>\n<script type=\"application\/ld+json\" class=\"yoast-schema-graph\">{\"@context\":\"https:\/\/schema.org\",\"@graph\":[{\"@type\":\"WebPage\",\"@id\":\"https:\/\/sukrin.com\/dk\/sukrin-chokolade\/om-sukrin-chokolade\/\",\"url\":\"https:\/\/sukrin.com\/dk\/sukrin-chokolade\/om-sukrin-chokolade\/\",\"name\":\"Sukrin Milk chocolate - uden tilsat sukker\",\"isPartOf\":{\"@id\":\"http:\/\/sukrin.com\/dk\/#website\"},\"datePublished\":\"2014-12-16T09:35:08+00:00\",\"dateModified\":\"2024-11-25T14:42:13+00:00\",\"description\":\"Sukrin milk chocolate har en fl\u00f8jelsbl\u00f8d konsistens, og er s\u00f8det med Sukrin og stevia, som begge er naturlige og kaloriefrie s\u00f8destoffer.\",\"breadcrumb\":{\"@id\":\"https:\/\/sukrin.com\/dk\/sukrin-chokolade\/om-sukrin-chokolade\/#breadcrumb\"},\"inLanguage\":\"da-DK\",\"potentialAction\":[{\"@type\":\"ReadAction\",\"target\":[\"https:\/\/sukrin.com\/dk\/sukrin-chokolade\/om-sukrin-chokolade\/\"]}]},{\"@type\":\"BreadcrumbList\",\"@id\":\"https:\/\/sukrin.com\/dk\/sukrin-chokolade\/om-sukrin-chokolade\/#breadcrumb\",\"itemListElement\":[{\"@type\":\"ListItem\",\"position\":1,\"name\":\"Sukrin Chokolade\",\"item\":\"https:\/\/sukrin.com\/dk\/sukrin-chokolade\/\"},{\"@type\":\"ListItem\",\"position\":2,\"name\":\"Om Sukrin Chokolade\"}]},{\"@type\":\"WebSite\",\"@id\":\"http:\/\/sukrin.com\/dk\/#website\",\"url\":\"http:\/\/sukrin.com\/dk\/\",\"name\":\"Sukrin Danmark\",\"description\":\"Sukrin - Healthy and tasty made easy\",\"potentialAction\":[{\"@type\":\"SearchAction\",\"target\":{\"@type\":\"EntryPoint\",\"urlTemplate\":\"http:\/\/sukrin.com\/dk\/?s={search_term_string}\"},\"query-input\":{\"@type\":\"PropertyValueSpecification\",\"valueRequired\":true,\"valueName\":\"search_term_string\"}}],\"inLanguage\":\"da-DK\"}]}<\/script>\n<!-- \/ Yoast SEO plugin. -->","yoast_head_json":{"title":"Sukrin Milk chocolate - uden tilsat sukker","description":"Sukrin milk chocolate har en fl\u00f8jelsbl\u00f8d konsistens, og er s\u00f8det med Sukrin og stevia, som begge er naturlige og kaloriefrie s\u00f8destoffer.","robots":{"index":"index","follow":"follow","max-snippet":"max-snippet:-1","max-image-preview":"max-image-preview:large","max-video-preview":"max-video-preview:-1"},"canonical":"https:\/\/sukrin.com\/dk\/sukrin-chokolade\/om-sukrin-chokolade\/","twitter_misc":{"Estimeret l\u00e6setid":"1 minut"},"schema":{"@context":"https:\/\/schema.org","@graph":[{"@type":"WebPage","@id":"https:\/\/sukrin.com\/dk\/sukrin-chokolade\/om-sukrin-chokolade\/","url":"https:\/\/sukrin.com\/dk\/sukrin-chokolade\/om-sukrin-chokolade\/","name":"Sukrin Milk chocolate - uden tilsat sukker","isPartOf":{"@id":"http:\/\/sukrin.com\/dk\/#website"},"datePublished":"2014-12-16T09:35:08+00:00","dateModified":"2024-11-25T14:42:13+00:00","description":"Sukrin milk chocolate har en fl\u00f8jelsbl\u00f8d konsistens, og er s\u00f8det med Sukrin og stevia, som begge er naturlige og kaloriefrie s\u00f8destoffer.","breadcrumb":{"@id":"https:\/\/sukrin.com\/dk\/sukrin-chokolade\/om-sukrin-chokolade\/#breadcrumb"},"inLanguage":"da-DK","potentialAction":[{"@type":"ReadAction","target":["https:\/\/sukrin.com\/dk\/sukrin-chokolade\/om-sukrin-chokolade\/"]}]},{"@type":"BreadcrumbList","@id":"https:\/\/sukrin.com\/dk\/sukrin-chokolade\/om-sukrin-chokolade\/#breadcrumb","itemListElement":[{"@type":"ListItem","position":1,"name":"Sukrin Chokolade","item":"https:\/\/sukrin.com\/dk\/sukrin-chokolade\/"},{"@type":"ListItem","position":2,"name":"Om Sukrin Chokolade"}]},{"@type":"WebSite","@id":"http:\/\/sukrin.com\/dk\/#website","url":"http:\/\/sukrin.com\/dk\/","name":"Sukrin Danmark","description":"Sukrin - Healthy and tasty made easy","potentialAction":[{"@type":"SearchAction","target":{"@type":"EntryPoint","urlTemplate":"http:\/\/sukrin.com\/dk\/?s={search_term_string}"},"query-input":{"@type":"PropertyValueSpecification","valueRequired":true,"valueName":"search_term_string"}}],"inLanguage":"da-DK"}]}},"_links":{"self":[{"href":"https:\/\/sukrin.com\/dk\/wp-json\/wp\/v2\/pages\/1758"}],"collection":[{"href":"https:\/\/sukrin.com\/dk\/wp-json\/wp\/v2\/pages"}],"about":[{"href":"https:\/\/sukrin.com\/dk\/wp-json\/wp\/v2\/types\/page"}],"author":[{"embeddable":true,"href":"https:\/\/sukrin.com\/dk\/wp-json\/wp\/v2\/users\/1"}],"replies":[{"embeddable":true,"href":"https:\/\/sukrin.com\/dk\/wp-json\/wp\/v2\/comments?post=1758"}],"version-history":[{"count":23,"href":"https:\/\/sukrin.com\/dk\/wp-json\/wp\/v2\/pages\/1758\/revisions"}],"predecessor-version":[{"id":3224,"href":"https:\/\/sukrin.com\/dk\/wp-json\/wp\/v2\/pages\/1758\/revisions\/3224"}],"up":[{"embeddable":true,"href":"https:\/\/sukrin.com\/dk\/wp-json\/wp\/v2\/pages\/1763"}],"wp:attachment":[{"href":"https:\/\/sukrin.com\/dk\/wp-json\/wp\/v2\/media?parent=1758"}],"wp:term":[{"taxonomy":"product_types","embeddable":true,"href":"https:\/\/sukrin.com\/dk\/wp-json\/wp\/v2\/product_types?post=1758"}],"curies":[{"name":"wp","href":"https:\/\/api.w.org\/{rel}","templated":true}]}}