{"id":166,"date":"2010-11-18T11:08:47","date_gmt":"2010-11-18T11:08:47","guid":{"rendered":"http:\/\/localhost\/"},"modified":"2022-12-06T16:52:31","modified_gmt":"2022-12-06T14:52:31","slug":"hvorfor","status":"publish","type":"page","link":"https:\/\/sukrin.com\/dk\/fiberfin\/hvorfor\/","title":{"rendered":"Hvorfor FiberFin"},"content":{"rendered":"\n<h1 class=\"wp-block-heading\">Resistent stivelse, en naturlig fiber<\/h1>\n\n\n\n<p>Almindelig stivelse nedbrydes til druesukker\/glukose i kroppen og bruges som energi. Resistent stivelse er stivelse, som <strong>ikke<\/strong> ford\u00f8jes p\u00e5 vanlig vis, men som opf\u00f8rer sig som kostfiber. Vi mennesker har indtaget det i tusinder af \u00e5r i madvarer som b\u00f8nner og linser.<\/p>\n\n\n\n<p>Forskere fra hele verden har nu f\u00e5et \u00f8jnene op for disse specielle fibre og deres gunstige virkninger p\u00e5 helbredet. WHO kalder opdagelsen af resistent stivelse for det st\u00f8rste gennembrud inden for kulhydratforskningen de seneste 20 \u00e5r.<\/p>\n\n\n\n<p>Det anbefales, at vi dagligt indtager 30 gram kostfiber, men vi f\u00e5r kun omkring 20 gram. En spiseske FiberFin giver 5 gram fiber og er en nem m\u00e5de at \u00f8ge kostens fiberindhold p\u00e5. For at f\u00e5 lige s\u00e5 meget fiber fra andre madvarer skal du spise:<\/p>\n\n\n\n<p>4 guler\u00f8dder, 8 tomater, 2,5 portioner broccoli, 2 \u00e6bler, 3 skiver grovbr\u00f8d eller en stor portion havregryn.<\/p>\n","protected":false},"excerpt":{"rendered":"<p>Resistent stivelse, en naturlig fiber Almindelig stivelse nedbrydes til druesukker\/glukose i kroppen og bruges [&hellip;]<\/p>\n","protected":false},"author":1,"featured_media":163,"parent":153,"menu_order":10,"comment_status":"open","ping_status":"open","template":"","meta":{"_monsterinsights_skip_tracking":false,"_monsterinsights_sitenote_active":false,"_monsterinsights_sitenote_note":"","_monsterinsights_sitenote_category":0,"footnotes":""},"product_types":[5],"class_list":["post-166","page","type-page","status-publish","has-post-thumbnail","hentry","product_types-type-fiberfin"],"yoast_head":"<!-- This site is optimized with the Yoast SEO plugin v23.6 - https:\/\/yoast.com\/wordpress\/plugins\/seo\/ -->\n<title>Hvorfor FiberFin - Sukrin Danmark<\/title>\n<meta name=\"robots\" content=\"index, follow, max-snippet:-1, max-image-preview:large, max-video-preview:-1\" \/>\n<link rel=\"canonical\" href=\"https:\/\/sukrin.com\/dk\/fiberfin\/hvorfor\/\" \/>\n<meta name=\"twitter:label1\" content=\"Estimeret l\u00e6setid\" \/>\n\t<meta name=\"twitter:data1\" content=\"1 minut\" \/>\n<script type=\"application\/ld+json\" class=\"yoast-schema-graph\">{\"@context\":\"https:\/\/schema.org\",\"@graph\":[{\"@type\":\"WebPage\",\"@id\":\"https:\/\/sukrin.com\/dk\/fiberfin\/hvorfor\/\",\"url\":\"https:\/\/sukrin.com\/dk\/fiberfin\/hvorfor\/\",\"name\":\"Hvorfor FiberFin - Sukrin Danmark\",\"isPartOf\":{\"@id\":\"http:\/\/sukrin.com\/dk\/#website\"},\"primaryImageOfPage\":{\"@id\":\"https:\/\/sukrin.com\/dk\/fiberfin\/hvorfor\/#primaryimage\"},\"image\":{\"@id\":\"https:\/\/sukrin.com\/dk\/fiberfin\/hvorfor\/#primaryimage\"},\"thumbnailUrl\":\"\",\"datePublished\":\"2010-11-18T11:08:47+00:00\",\"dateModified\":\"2022-12-06T14:52:31+00:00\",\"breadcrumb\":{\"@id\":\"https:\/\/sukrin.com\/dk\/fiberfin\/hvorfor\/#breadcrumb\"},\"inLanguage\":\"da-DK\",\"potentialAction\":[{\"@type\":\"ReadAction\",\"target\":[\"https:\/\/sukrin.com\/dk\/fiberfin\/hvorfor\/\"]}]},{\"@type\":\"ImageObject\",\"inLanguage\":\"da-DK\",\"@id\":\"https:\/\/sukrin.com\/dk\/fiberfin\/hvorfor\/#primaryimage\",\"url\":\"\",\"contentUrl\":\"\"},{\"@type\":\"BreadcrumbList\",\"@id\":\"https:\/\/sukrin.com\/dk\/fiberfin\/hvorfor\/#breadcrumb\",\"itemListElement\":[{\"@type\":\"ListItem\",\"position\":1,\"name\":\"FiberFin\",\"item\":\"http:\/\/sukrin.com\/dk\/fiberfin\/\"},{\"@type\":\"ListItem\",\"position\":2,\"name\":\"Hvorfor FiberFin\"}]},{\"@type\":\"WebSite\",\"@id\":\"http:\/\/sukrin.com\/dk\/#website\",\"url\":\"http:\/\/sukrin.com\/dk\/\",\"name\":\"Sukrin Danmark\",\"description\":\"Sukrin - Healthy and tasty made easy\",\"potentialAction\":[{\"@type\":\"SearchAction\",\"target\":{\"@type\":\"EntryPoint\",\"urlTemplate\":\"http:\/\/sukrin.com\/dk\/?s={search_term_string}\"},\"query-input\":{\"@type\":\"PropertyValueSpecification\",\"valueRequired\":true,\"valueName\":\"search_term_string\"}}],\"inLanguage\":\"da-DK\"}]}<\/script>\n<!-- \/ Yoast SEO plugin. -->","yoast_head_json":{"title":"Hvorfor FiberFin - Sukrin Danmark","robots":{"index":"index","follow":"follow","max-snippet":"max-snippet:-1","max-image-preview":"max-image-preview:large","max-video-preview":"max-video-preview:-1"},"canonical":"https:\/\/sukrin.com\/dk\/fiberfin\/hvorfor\/","twitter_misc":{"Estimeret l\u00e6setid":"1 minut"},"schema":{"@context":"https:\/\/schema.org","@graph":[{"@type":"WebPage","@id":"https:\/\/sukrin.com\/dk\/fiberfin\/hvorfor\/","url":"https:\/\/sukrin.com\/dk\/fiberfin\/hvorfor\/","name":"Hvorfor FiberFin - Sukrin Danmark","isPartOf":{"@id":"http:\/\/sukrin.com\/dk\/#website"},"primaryImageOfPage":{"@id":"https:\/\/sukrin.com\/dk\/fiberfin\/hvorfor\/#primaryimage"},"image":{"@id":"https:\/\/sukrin.com\/dk\/fiberfin\/hvorfor\/#primaryimage"},"thumbnailUrl":"","datePublished":"2010-11-18T11:08:47+00:00","dateModified":"2022-12-06T14:52:31+00:00","breadcrumb":{"@id":"https:\/\/sukrin.com\/dk\/fiberfin\/hvorfor\/#breadcrumb"},"inLanguage":"da-DK","potentialAction":[{"@type":"ReadAction","target":["https:\/\/sukrin.com\/dk\/fiberfin\/hvorfor\/"]}]},{"@type":"ImageObject","inLanguage":"da-DK","@id":"https:\/\/sukrin.com\/dk\/fiberfin\/hvorfor\/#primaryimage","url":"","contentUrl":""},{"@type":"BreadcrumbList","@id":"https:\/\/sukrin.com\/dk\/fiberfin\/hvorfor\/#breadcrumb","itemListElement":[{"@type":"ListItem","position":1,"name":"FiberFin","item":"http:\/\/sukrin.com\/dk\/fiberfin\/"},{"@type":"ListItem","position":2,"name":"Hvorfor FiberFin"}]},{"@type":"WebSite","@id":"http:\/\/sukrin.com\/dk\/#website","url":"http:\/\/sukrin.com\/dk\/","name":"Sukrin Danmark","description":"Sukrin - Healthy and tasty made easy","potentialAction":[{"@type":"SearchAction","target":{"@type":"EntryPoint","urlTemplate":"http:\/\/sukrin.com\/dk\/?s={search_term_string}"},"query-input":{"@type":"PropertyValueSpecification","valueRequired":true,"valueName":"search_term_string"}}],"inLanguage":"da-DK"}]}},"_links":{"self":[{"href":"https:\/\/sukrin.com\/dk\/wp-json\/wp\/v2\/pages\/166"}],"collection":[{"href":"https:\/\/sukrin.com\/dk\/wp-json\/wp\/v2\/pages"}],"about":[{"href":"https:\/\/sukrin.com\/dk\/wp-json\/wp\/v2\/types\/page"}],"author":[{"embeddable":true,"href":"https:\/\/sukrin.com\/dk\/wp-json\/wp\/v2\/users\/1"}],"replies":[{"embeddable":true,"href":"https:\/\/sukrin.com\/dk\/wp-json\/wp\/v2\/comments?post=166"}],"version-history":[{"count":10,"href":"https:\/\/sukrin.com\/dk\/wp-json\/wp\/v2\/pages\/166\/revisions"}],"predecessor-version":[{"id":2955,"href":"https:\/\/sukrin.com\/dk\/wp-json\/wp\/v2\/pages\/166\/revisions\/2955"}],"up":[{"embeddable":true,"href":"https:\/\/sukrin.com\/dk\/wp-json\/wp\/v2\/pages\/153"}],"wp:featuredmedia":[{"embeddable":true,"href":"https:\/\/sukrin.com\/dk\/wp-json\/"}],"wp:attachment":[{"href":"https:\/\/sukrin.com\/dk\/wp-json\/wp\/v2\/media?parent=166"}],"wp:term":[{"taxonomy":"product_types","embeddable":true,"href":"https:\/\/sukrin.com\/dk\/wp-json\/wp\/v2\/product_types?post=166"}],"curies":[{"name":"wp","href":"https:\/\/api.w.org\/{rel}","templated":true}]}}