{"id":1561,"date":"2014-03-20T18:19:26","date_gmt":"2014-03-20T16:19:26","guid":{"rendered":"http:\/\/sukrin.com\/dk\/?page_id=1561"},"modified":"2024-03-26T11:25:51","modified_gmt":"2024-03-26T09:25:51","slug":"om-brodmix-uten-fro-og-kjerner","status":"publish","type":"page","link":"https:\/\/sukrin.com\/dk\/brodmix-uten-fro-og-kjerner\/om-brodmix-uten-fro-og-kjerner\/","title":{"rendered":"Om Proteinbr\u00f8d"},"content":{"rendered":"\n<h1 class=\"wp-block-heading\">Proteinbr\u00f8d<br>uden hele fr\u00f8 og kerner<\/h1>\n\n\n\n<ul class=\"wp-block-list\">\n<li>Proteinrigt (15 %)<\/li>\n\n\n\n<li>Uden hvede, soja og g\u00e6r<\/li>\n\n\n\n<li>Nemt at lave, ingen \u00e6ltning eller h\u00e6vning<\/li>\n<\/ul>\n\n\n\n<p>Dette er det perfekte br\u00f8d til dig, der af den ene eller anden grund vil undg\u00e5 hvedemel og som samtidig \u00f8nsker et fint br\u00f8d med smag og konsistens som et almindeligt br\u00f8d. Dette br\u00f8d er uden hvede, g\u00e6r og soja. Det har en god neutral smag og er helt uden hele fr\u00f8 og kerner. Vi har erstattet hvedemel med mel af havre, sesam og mandel. <\/p>\n\n\n\n<h3 class=\"wp-block-heading\">Enkel tilberedning<\/h3>\n\n\n\n<p>Br\u00f8dmixet skal blot blandes med vand, hvile i 5 minutter og derefter formes p\u00e5 en bageplade med bagepapir med v\u00e5de h\u00e6nder. Vandet kan erstattes af m\u00e6lk, yoghurt, cremefraiche eller et andet m\u00e6lkeprodukt. Br\u00f8det holder sig friskt og saftigt i flere dage og egner sig godt til frysning. Tip: sk\u00e6r br\u00f8det i skiver, f\u00f8r du fryser det. S\u00e5 kan du ganske enkelt opt\u00f8 og riste skiverne i en br\u00f8drister, n\u00e5r du \u00f8nsker det.<\/p>\n\n\n\n<h3 class=\"wp-block-heading\"><\/h3>\n\n\n\n<h3 class=\"wp-block-heading\">S\u00e5dan g\u00f8r du:<\/h3>\n\n\n\n<ul class=\"wp-block-list\">\n<li>Indstil ovnen p\u00e5 175 grader.<\/li>\n\n\n\n<li>Bland posens indhold med 3,5 dl vand.<br>(Du kan erstatte alt eller noget af vandet med m\u00e6lk, yoghurt, cremefraiche eller et andet mejeriprodukt.)<\/li>\n\n\n\n<li>Lad dejen hvile i ca. 5 min og form derefter til br\u00f8d eller rundstykker med fugtige h\u00e6nder.<\/li>\n\n\n\n<li>Bag br\u00f8det i ca. 60 min. midt i ovnen (for rundstykker: 20-25 min.)<\/li>\n\n\n\n<li>Opbevares bedst i k\u00f8leskab. Egner sig ogs\u00e5 fortrinligt til frysning.<\/li>\n<\/ul>\n\n\n\n<h3 class=\"wp-block-heading\">Tips:<\/h3>\n\n\n\n<ul class=\"wp-block-list\">\n<li>Tils\u00e6t lidt Sukrin og evt. rosiner og n\u00f8dder og lav dejlige boller.<\/li>\n\n\n\n<li>Bag br\u00f8det i muffinsforme, tils\u00e6t valgfrit fyld af k\u00f8d, gr\u00f8nsager\/urter og lav dejlige&nbsp; madmuffins<strong>.<\/strong><\/li>\n\n\n\n<li>Pr\u00f8v ogs\u00e5 at tils\u00e6tte finthakkede solt\u00f8rrede tomater, oliven eller t\u00f8rrede krydderurter i dejen.<\/li>\n\n\n\n<li>Lav <strong>focacciabr\u00f8d<\/strong>&nbsp;af 1 kg br\u00f8dmix,&nbsp;3-4 tsk af fx rosmarin, oregano og timian (m\u00e6ngde og urter efter smag),&nbsp;10 dl vand og 2 dl ekstra jomfruolivenolie. \u00c6lt dejen godt. Klap den ud p\u00e5 en stor bradepande. H\u00e6ld lidt olivenolie ud oven p\u00e5 dejen og str\u00f8 med noget godt havsalt. Bages i 60-70 minutter.<\/li>\n\n\n\n<li>Brug br\u00f8dmixet som<strong>&nbsp;pizzabund<\/strong>. Bland dejen som anvist p\u00e5 pakken, klap den flad udover en bageplade, gerne med lidt olie henover. Forbag bunden i ca. 15 minutter, f\u00f8r du l\u00e6gger dit favoritfyld ovenp\u00e5. Bag videre, indtil osten er smeltet og gylden.<\/li>\n\n\n\n<li>Du kan ogs\u00e5 bage burgerboller af br\u00f8dmixet!<\/li>\n<\/ul>\n\n\n\n<h3 class=\"wp-block-heading\">Ingredienser:<\/h3>\n\n\n\n<p><strong>Sesam-<\/strong>mel,&nbsp;<strong>mandel<\/strong>mel, <strong>\u00e6ggepulver<\/strong>, psyllium husk, \u00e6rteprotein, \u00e6rtefiber, havregryn, s\u00f8destof: erytritol (Sukrin), h\u00e6vemiddel (bikarbonat, difosfat) og mineralsalt.<\/p>\n\n\n\n<p>Nettov\u00e6gt: 220 g.<\/p>\n\n\n\n<p>N\u00e6ringsindhold pr 100 g<strong>\u00a0t\u00f8rvare<\/strong>:<br>Kalorier: 348 &#8211;\u00a0Protein: 39,0 g &#8211;\u00a0Kulhydrat: 9,9 g \u00a0&#8211;\u00a0Kostfiber: 18,8 g &#8211;\u00a0Fedt: 12,8 g<\/p>\n","protected":false},"excerpt":{"rendered":"<p>Proteinbr\u00f8duden hele fr\u00f8 og kerner Dette er det perfekte br\u00f8d til dig, der af [&hellip;]<\/p>\n","protected":false},"author":1,"featured_media":0,"parent":1559,"menu_order":0,"comment_status":"open","ping_status":"open","template":"","meta":{"_monsterinsights_skip_tracking":false,"_monsterinsights_sitenote_active":false,"_monsterinsights_sitenote_note":"","_monsterinsights_sitenote_category":0,"footnotes":""},"product_types":[32],"class_list":["post-1561","page","type-page","status-publish","hentry","product_types-type-bread-without-kernels"],"yoast_head":"<!-- This site is optimized with the Yoast SEO plugin v23.6 - https:\/\/yoast.com\/wordpress\/plugins\/seo\/ -->\n<title>Sukrin Proteinbr\u00f8d - glutenfri br\u00f8dblanding<\/title>\n<meta name=\"description\" content=\"Dette er det perfekte br\u00f8d til dig, der vil undg\u00e5 hvedemel og som samtidig \u00f8nsker et fint br\u00f8d med konsistens som et almindeligt br\u00f8d.\" \/>\n<meta name=\"robots\" content=\"index, follow, max-snippet:-1, max-image-preview:large, max-video-preview:-1\" \/>\n<link rel=\"canonical\" href=\"https:\/\/sukrin.com\/dk\/brodmix-uten-fro-og-kjerner\/om-brodmix-uten-fro-og-kjerner\/\" \/>\n<meta name=\"twitter:label1\" content=\"Estimeret l\u00e6setid\" \/>\n\t<meta name=\"twitter:data1\" content=\"3 minutter\" \/>\n<script type=\"application\/ld+json\" class=\"yoast-schema-graph\">{\"@context\":\"https:\/\/schema.org\",\"@graph\":[{\"@type\":\"WebPage\",\"@id\":\"https:\/\/sukrin.com\/dk\/brodmix-uten-fro-og-kjerner\/om-brodmix-uten-fro-og-kjerner\/\",\"url\":\"https:\/\/sukrin.com\/dk\/brodmix-uten-fro-og-kjerner\/om-brodmix-uten-fro-og-kjerner\/\",\"name\":\"Sukrin Proteinbr\u00f8d - glutenfri br\u00f8dblanding\",\"isPartOf\":{\"@id\":\"http:\/\/sukrin.com\/dk\/#website\"},\"datePublished\":\"2014-03-20T16:19:26+00:00\",\"dateModified\":\"2024-03-26T09:25:51+00:00\",\"description\":\"Dette er det perfekte br\u00f8d til dig, der vil undg\u00e5 hvedemel og som samtidig \u00f8nsker et fint br\u00f8d med konsistens som et almindeligt br\u00f8d.\",\"breadcrumb\":{\"@id\":\"https:\/\/sukrin.com\/dk\/brodmix-uten-fro-og-kjerner\/om-brodmix-uten-fro-og-kjerner\/#breadcrumb\"},\"inLanguage\":\"da-DK\",\"potentialAction\":[{\"@type\":\"ReadAction\",\"target\":[\"https:\/\/sukrin.com\/dk\/brodmix-uten-fro-og-kjerner\/om-brodmix-uten-fro-og-kjerner\/\"]}]},{\"@type\":\"BreadcrumbList\",\"@id\":\"https:\/\/sukrin.com\/dk\/brodmix-uten-fro-og-kjerner\/om-brodmix-uten-fro-og-kjerner\/#breadcrumb\",\"itemListElement\":[{\"@type\":\"ListItem\",\"position\":1,\"name\":\"Proteinbr\u00f8d &#8211; Br\u00f8dmix med Havre og Sesam\",\"item\":\"https:\/\/sukrin.com\/dk\/brodmix-uten-fro-og-kjerner\/\"},{\"@type\":\"ListItem\",\"position\":2,\"name\":\"Om Proteinbr\u00f8d\"}]},{\"@type\":\"WebSite\",\"@id\":\"http:\/\/sukrin.com\/dk\/#website\",\"url\":\"http:\/\/sukrin.com\/dk\/\",\"name\":\"Sukrin Danmark\",\"description\":\"Sukrin - Healthy and tasty made easy\",\"potentialAction\":[{\"@type\":\"SearchAction\",\"target\":{\"@type\":\"EntryPoint\",\"urlTemplate\":\"http:\/\/sukrin.com\/dk\/?s={search_term_string}\"},\"query-input\":{\"@type\":\"PropertyValueSpecification\",\"valueRequired\":true,\"valueName\":\"search_term_string\"}}],\"inLanguage\":\"da-DK\"}]}<\/script>\n<!-- \/ Yoast SEO plugin. -->","yoast_head_json":{"title":"Sukrin Proteinbr\u00f8d - glutenfri br\u00f8dblanding","description":"Dette er det perfekte br\u00f8d til dig, der vil undg\u00e5 hvedemel og som samtidig \u00f8nsker et fint br\u00f8d med konsistens som et almindeligt br\u00f8d.","robots":{"index":"index","follow":"follow","max-snippet":"max-snippet:-1","max-image-preview":"max-image-preview:large","max-video-preview":"max-video-preview:-1"},"canonical":"https:\/\/sukrin.com\/dk\/brodmix-uten-fro-og-kjerner\/om-brodmix-uten-fro-og-kjerner\/","twitter_misc":{"Estimeret l\u00e6setid":"3 minutter"},"schema":{"@context":"https:\/\/schema.org","@graph":[{"@type":"WebPage","@id":"https:\/\/sukrin.com\/dk\/brodmix-uten-fro-og-kjerner\/om-brodmix-uten-fro-og-kjerner\/","url":"https:\/\/sukrin.com\/dk\/brodmix-uten-fro-og-kjerner\/om-brodmix-uten-fro-og-kjerner\/","name":"Sukrin Proteinbr\u00f8d - glutenfri br\u00f8dblanding","isPartOf":{"@id":"http:\/\/sukrin.com\/dk\/#website"},"datePublished":"2014-03-20T16:19:26+00:00","dateModified":"2024-03-26T09:25:51+00:00","description":"Dette er det perfekte br\u00f8d til dig, der vil undg\u00e5 hvedemel og som samtidig \u00f8nsker et fint br\u00f8d med konsistens som et almindeligt br\u00f8d.","breadcrumb":{"@id":"https:\/\/sukrin.com\/dk\/brodmix-uten-fro-og-kjerner\/om-brodmix-uten-fro-og-kjerner\/#breadcrumb"},"inLanguage":"da-DK","potentialAction":[{"@type":"ReadAction","target":["https:\/\/sukrin.com\/dk\/brodmix-uten-fro-og-kjerner\/om-brodmix-uten-fro-og-kjerner\/"]}]},{"@type":"BreadcrumbList","@id":"https:\/\/sukrin.com\/dk\/brodmix-uten-fro-og-kjerner\/om-brodmix-uten-fro-og-kjerner\/#breadcrumb","itemListElement":[{"@type":"ListItem","position":1,"name":"Proteinbr\u00f8d &#8211; Br\u00f8dmix med Havre og Sesam","item":"https:\/\/sukrin.com\/dk\/brodmix-uten-fro-og-kjerner\/"},{"@type":"ListItem","position":2,"name":"Om Proteinbr\u00f8d"}]},{"@type":"WebSite","@id":"http:\/\/sukrin.com\/dk\/#website","url":"http:\/\/sukrin.com\/dk\/","name":"Sukrin Danmark","description":"Sukrin - Healthy and tasty made easy","potentialAction":[{"@type":"SearchAction","target":{"@type":"EntryPoint","urlTemplate":"http:\/\/sukrin.com\/dk\/?s={search_term_string}"},"query-input":{"@type":"PropertyValueSpecification","valueRequired":true,"valueName":"search_term_string"}}],"inLanguage":"da-DK"}]}},"_links":{"self":[{"href":"https:\/\/sukrin.com\/dk\/wp-json\/wp\/v2\/pages\/1561"}],"collection":[{"href":"https:\/\/sukrin.com\/dk\/wp-json\/wp\/v2\/pages"}],"about":[{"href":"https:\/\/sukrin.com\/dk\/wp-json\/wp\/v2\/types\/page"}],"author":[{"embeddable":true,"href":"https:\/\/sukrin.com\/dk\/wp-json\/wp\/v2\/users\/1"}],"replies":[{"embeddable":true,"href":"https:\/\/sukrin.com\/dk\/wp-json\/wp\/v2\/comments?post=1561"}],"version-history":[{"count":28,"href":"https:\/\/sukrin.com\/dk\/wp-json\/wp\/v2\/pages\/1561\/revisions"}],"predecessor-version":[{"id":3068,"href":"https:\/\/sukrin.com\/dk\/wp-json\/wp\/v2\/pages\/1561\/revisions\/3068"}],"up":[{"embeddable":true,"href":"https:\/\/sukrin.com\/dk\/wp-json\/wp\/v2\/pages\/1559"}],"wp:attachment":[{"href":"https:\/\/sukrin.com\/dk\/wp-json\/wp\/v2\/media?parent=1561"}],"wp:term":[{"taxonomy":"product_types","embeddable":true,"href":"https:\/\/sukrin.com\/dk\/wp-json\/wp\/v2\/product_types?post=1561"}],"curies":[{"name":"wp","href":"https:\/\/api.w.org\/{rel}","templated":true}]}}