{"id":1406,"date":"2013-06-18T16:52:34","date_gmt":"2013-06-18T14:52:34","guid":{"rendered":"http:\/\/sukrin.com\/dk\/?page_id=1406"},"modified":"2024-03-26T11:44:28","modified_gmt":"2024-03-26T09:44:28","slug":"om","status":"publish","type":"page","link":"https:\/\/sukrin.com\/dk\/kokosmel\/om\/","title":{"rendered":"Om kokosmel"},"content":{"rendered":"\n<h1 class=\"wp-block-heading\">Kokosmel<\/h1>\n\n\n\n<p>Kokosmel er lavet af kokos, som er t\u00f8rret, fedtreduceret og fintmalet. Det er rigt p\u00e5 fibre.<\/p>\n\n\n\n<ul class=\"wp-block-list\">\n<li>Hele 40 % fiber<\/li>\n\n\n\n<li>Kokosmel kan bruges i det glutenfri k\u00f8kken<\/li>\n<\/ul>\n\n\n\n<p>Du kan erstatte op til 25 % af hvedemelet i traditionelle bageopskrifter med kokosmel og opn\u00e5 en god reduktion af kalorier. Samtidig f\u00e5r du et solidt tilskud af kostfibre. Der findes masser af opskrifter, hvor kokosmel indg\u00e5r, og hvis du \u00f8nsker at skifte andre glutenfri meltyper ud med kokosmel, kan du som udgangspunkt erstatte 100 procent. Vi anbefaler dog at bruge kokosmel i kombination med andre meltyper for det bedste resultat.<\/p>\n\n\n\n<p>Da kokosmel er s\u00e6rligt fiberrigt, suger det mere v\u00e6ske til sig end de fleste andre meltyper. Derfor kan du reducere m\u00e6ngden af kokosmel i forhold til den m\u00e6ngde, der opgives i opskriften af andet mel (ca. 40 %). Samtidig b\u00f8r du tils\u00e6tte en tilsvarende m\u00e6ngde ekstra v\u00e6ske (pr\u00f8v dig frem, til du finder den \u00f8nskede konsistens). Det anbefales desuden at tils\u00e6tte ekstra \u00e6g i bagv\u00e6rk, hvor du bruger en stor andel kokosmel (brug et ekstra \u00e6g pr. 30 g kokosmel)<\/p>\n\n\n\n<p>Kokosmel bruges ofte i proteinbarer og andet protein-bagv\u00e6rk og gerne i kombination med proteinpulver. Melet har en naturlig s\u00f8d smag, der g\u00f8r, at du kan bruge mindre s\u00f8dning i bagv\u00e6rket. Kokosmel er ogs\u00e5 velegnet som naturligt fortyknings- og bindemiddel i saucer.<\/p>\n\n\n\n<h3 class=\"wp-block-heading\">N\u00e6ringsindhold pr. 100 g:<\/h3>\n\n\n\n<p>Energi: 1481 kJ\/354 kcal<br>Fedt: 14 g<br>-heraf m\u00e6ttet: 13 g<br>Kulhydrat: 18 g<br>-heraf sukkerarter: 18 g<br>Kostfiber: 40 g<br>Protein: 19 g<br>Salt: 0 g<\/p>\n\n\n\n<h2 class=\"wp-block-heading\">K\u00f8b Kokosmel<\/h2>\n\n\n\n<p>Kokosmel er tilg\u00e6ngelig i 400 g poser, og vejledende pris er 79,-<\/p>\n\n\n\n<p>S\u00e6lges i helsekostbutikker over hele landet, i Matas og i udvalgte Coop butikker samt i vores <a href=\"https:\/\/fmshop.vendimas.com\/vare\/kokosmel-400g-oekologisk\/\">webshop<\/a>.<\/p>\n","protected":false},"excerpt":{"rendered":"<p>Kokosmel Kokosmel er lavet af kokos, som er t\u00f8rret, fedtreduceret og fintmalet. Det er [&hellip;]<\/p>\n","protected":false},"author":1,"featured_media":0,"parent":1404,"menu_order":0,"comment_status":"open","ping_status":"open","template":"","meta":{"_monsterinsights_skip_tracking":false,"_monsterinsights_sitenote_active":false,"_monsterinsights_sitenote_note":"","_monsterinsights_sitenote_category":0,"footnotes":""},"product_types":[30],"class_list":["post-1406","page","type-page","status-publish","hentry","product_types-type-kokosmel"],"yoast_head":"<!-- This site is optimized with the Yoast SEO plugin v23.6 - https:\/\/yoast.com\/wordpress\/plugins\/seo\/ -->\n<title>Sukrin Kokosmel - naturligt glutenfrit<\/title>\n<meta name=\"description\" content=\"Kokosmel er lavet af kokos, som er t\u00f8rret, fedtreduceret og fintmalet. Det er et glutenfrit mel, som er rigt p\u00e5 fibre.\" \/>\n<meta name=\"robots\" content=\"index, follow, max-snippet:-1, max-image-preview:large, max-video-preview:-1\" \/>\n<link rel=\"canonical\" href=\"https:\/\/sukrin.com\/dk\/kokosmel\/om\/\" \/>\n<meta name=\"twitter:label1\" content=\"Estimeret l\u00e6setid\" \/>\n\t<meta name=\"twitter:data1\" content=\"2 minutter\" \/>\n<script type=\"application\/ld+json\" class=\"yoast-schema-graph\">{\"@context\":\"https:\/\/schema.org\",\"@graph\":[{\"@type\":\"WebPage\",\"@id\":\"https:\/\/sukrin.com\/dk\/kokosmel\/om\/\",\"url\":\"https:\/\/sukrin.com\/dk\/kokosmel\/om\/\",\"name\":\"Sukrin Kokosmel - naturligt glutenfrit\",\"isPartOf\":{\"@id\":\"http:\/\/sukrin.com\/dk\/#website\"},\"datePublished\":\"2013-06-18T14:52:34+00:00\",\"dateModified\":\"2024-03-26T09:44:28+00:00\",\"description\":\"Kokosmel er lavet af kokos, som er t\u00f8rret, fedtreduceret og fintmalet. Det er et glutenfrit mel, som er rigt p\u00e5 fibre.\",\"breadcrumb\":{\"@id\":\"https:\/\/sukrin.com\/dk\/kokosmel\/om\/#breadcrumb\"},\"inLanguage\":\"da-DK\",\"potentialAction\":[{\"@type\":\"ReadAction\",\"target\":[\"https:\/\/sukrin.com\/dk\/kokosmel\/om\/\"]}]},{\"@type\":\"BreadcrumbList\",\"@id\":\"https:\/\/sukrin.com\/dk\/kokosmel\/om\/#breadcrumb\",\"itemListElement\":[{\"@type\":\"ListItem\",\"position\":1,\"name\":\"Kokosmel\",\"item\":\"https:\/\/sukrin.com\/dk\/kokosmel\/\"},{\"@type\":\"ListItem\",\"position\":2,\"name\":\"Om kokosmel\"}]},{\"@type\":\"WebSite\",\"@id\":\"http:\/\/sukrin.com\/dk\/#website\",\"url\":\"http:\/\/sukrin.com\/dk\/\",\"name\":\"Sukrin Danmark\",\"description\":\"Sukrin - Healthy and tasty made easy\",\"potentialAction\":[{\"@type\":\"SearchAction\",\"target\":{\"@type\":\"EntryPoint\",\"urlTemplate\":\"http:\/\/sukrin.com\/dk\/?s={search_term_string}\"},\"query-input\":{\"@type\":\"PropertyValueSpecification\",\"valueRequired\":true,\"valueName\":\"search_term_string\"}}],\"inLanguage\":\"da-DK\"}]}<\/script>\n<!-- \/ Yoast SEO plugin. -->","yoast_head_json":{"title":"Sukrin Kokosmel - naturligt glutenfrit","description":"Kokosmel er lavet af kokos, som er t\u00f8rret, fedtreduceret og fintmalet. Det er et glutenfrit mel, som er rigt p\u00e5 fibre.","robots":{"index":"index","follow":"follow","max-snippet":"max-snippet:-1","max-image-preview":"max-image-preview:large","max-video-preview":"max-video-preview:-1"},"canonical":"https:\/\/sukrin.com\/dk\/kokosmel\/om\/","twitter_misc":{"Estimeret l\u00e6setid":"2 minutter"},"schema":{"@context":"https:\/\/schema.org","@graph":[{"@type":"WebPage","@id":"https:\/\/sukrin.com\/dk\/kokosmel\/om\/","url":"https:\/\/sukrin.com\/dk\/kokosmel\/om\/","name":"Sukrin Kokosmel - naturligt glutenfrit","isPartOf":{"@id":"http:\/\/sukrin.com\/dk\/#website"},"datePublished":"2013-06-18T14:52:34+00:00","dateModified":"2024-03-26T09:44:28+00:00","description":"Kokosmel er lavet af kokos, som er t\u00f8rret, fedtreduceret og fintmalet. Det er et glutenfrit mel, som er rigt p\u00e5 fibre.","breadcrumb":{"@id":"https:\/\/sukrin.com\/dk\/kokosmel\/om\/#breadcrumb"},"inLanguage":"da-DK","potentialAction":[{"@type":"ReadAction","target":["https:\/\/sukrin.com\/dk\/kokosmel\/om\/"]}]},{"@type":"BreadcrumbList","@id":"https:\/\/sukrin.com\/dk\/kokosmel\/om\/#breadcrumb","itemListElement":[{"@type":"ListItem","position":1,"name":"Kokosmel","item":"https:\/\/sukrin.com\/dk\/kokosmel\/"},{"@type":"ListItem","position":2,"name":"Om kokosmel"}]},{"@type":"WebSite","@id":"http:\/\/sukrin.com\/dk\/#website","url":"http:\/\/sukrin.com\/dk\/","name":"Sukrin Danmark","description":"Sukrin - Healthy and tasty made easy","potentialAction":[{"@type":"SearchAction","target":{"@type":"EntryPoint","urlTemplate":"http:\/\/sukrin.com\/dk\/?s={search_term_string}"},"query-input":{"@type":"PropertyValueSpecification","valueRequired":true,"valueName":"search_term_string"}}],"inLanguage":"da-DK"}]}},"_links":{"self":[{"href":"https:\/\/sukrin.com\/dk\/wp-json\/wp\/v2\/pages\/1406"}],"collection":[{"href":"https:\/\/sukrin.com\/dk\/wp-json\/wp\/v2\/pages"}],"about":[{"href":"https:\/\/sukrin.com\/dk\/wp-json\/wp\/v2\/types\/page"}],"author":[{"embeddable":true,"href":"https:\/\/sukrin.com\/dk\/wp-json\/wp\/v2\/users\/1"}],"replies":[{"embeddable":true,"href":"https:\/\/sukrin.com\/dk\/wp-json\/wp\/v2\/comments?post=1406"}],"version-history":[{"count":14,"href":"https:\/\/sukrin.com\/dk\/wp-json\/wp\/v2\/pages\/1406\/revisions"}],"predecessor-version":[{"id":3077,"href":"https:\/\/sukrin.com\/dk\/wp-json\/wp\/v2\/pages\/1406\/revisions\/3077"}],"up":[{"embeddable":true,"href":"https:\/\/sukrin.com\/dk\/wp-json\/wp\/v2\/pages\/1404"}],"wp:attachment":[{"href":"https:\/\/sukrin.com\/dk\/wp-json\/wp\/v2\/media?parent=1406"}],"wp:term":[{"taxonomy":"product_types","embeddable":true,"href":"https:\/\/sukrin.com\/dk\/wp-json\/wp\/v2\/product_types?post=1406"}],"curies":[{"name":"wp","href":"https:\/\/api.w.org\/{rel}","templated":true}]}}