{"id":1318,"date":"2012-12-11T15:36:21","date_gmt":"2012-12-11T13:36:21","guid":{"rendered":"http:\/\/sukrin.com\/dk\/?page_id=1318"},"modified":"2023-12-06T22:44:45","modified_gmt":"2023-12-06T20:44:45","slug":"om-sukrin-gold","status":"publish","type":"page","link":"https:\/\/sukrin.com\/dk\/sukrin-gold\/om-sukrin-gold\/","title":{"rendered":"Om Sukrin Gold"},"content":{"rendered":"\n<h1 class=\"wp-block-heading\">Sukrin Gold<\/h1>\n\n\n\n<p>Sukrin Gold er s\u00f8destof til bordbrug baseret p\u00e5 erythritol, tagatose, steviolglykosider, og plantebaseret glycerol. Det er et gyldent og l\u00e6kkert Sukrin produkt, der blot indeholder 7 kcal pr. 100 gram, det vil sige kun 2% af kalorierne i almindeligt sukker.<\/p>\n\n\n\n<p>Sukrin Gold giver en s\u00f8dere, rundere og mere fyldig sukkersmag end almindeligt Sukrin. Det har samme s\u00f8dningsgrad som brunt sukker, er af naturlig oprindelse og har kun 1\/2 kalorie pr. teske (5g).<\/p>\n\n\n\n<ul class=\"wp-block-list\">\n<li>Samme s\u00f8dningsgrad som brunt sukker<\/li>\n\n\n\n<li>Kun&nbsp;1\/2 kalorie pr teske (5 g)<\/li>\n\n\n\n<li>Af naturlig oprindelse<\/li>\n<\/ul>\n\n\n\n<h3 class=\"wp-block-heading\">Ingredienser<\/h3>\n\n\n\n<p>S\u00f8destoff: erythritol, <strong>maltekstrakt<\/strong>*, glycerol, D-tagatose, s\u00f8destoff: steviolglykosider.<\/p>\n\n\n\n<p>*Indeholder maltekstrakt fra glutenholdig byg, men m\u00e6ngden af gluten i det f\u00e6rdige produkt ligger langt under glutenfri-gr\u00e6nsen p\u00e5 20 ppm.<\/p>\n\n\n\n<h3 class=\"wp-block-heading\">N\u00e6ringsindhold pr. 100 g:<\/h3>\n\n\n\n<p>Energi: 31 kJ\/7 kcal<br>Fedt: 0 g<br>-heraf m\u00e6ttet: 0 g<br>Kulhydrat: 99 g<br>-heraf sukkerarter: 1,0 g<br>-heraf polyoler: 98 g*<br>Kostfiber: 0 g<br>Protein: 0 g<br>Salt: 0 g<\/p>\n\n\n\n<p>*kulhydrater som ikke metaboliseres i kroppen.<\/p>\n\n\n\n<p>Sukrin Gold kan k\u00f8bes i helsekostbutikker, udvalgte Matas over hele landet samt i vores webshop.<\/p>\n","protected":false},"excerpt":{"rendered":"<p>Sukrin Gold Sukrin Gold er s\u00f8destof til bordbrug baseret p\u00e5 erythritol, tagatose, steviolglykosider, og [&hellip;]<\/p>\n","protected":false},"author":1,"featured_media":0,"parent":1312,"menu_order":0,"comment_status":"open","ping_status":"open","template":"","meta":{"_monsterinsights_skip_tracking":false,"_monsterinsights_sitenote_active":false,"_monsterinsights_sitenote_note":"","_monsterinsights_sitenote_category":0,"footnotes":""},"product_types":[28],"class_list":["post-1318","page","type-page","status-publish","hentry","product_types-type-sukringold"],"yoast_head":"<!-- This site is optimized with the Yoast SEO plugin v23.6 - https:\/\/yoast.com\/wordpress\/plugins\/seo\/ -->\n<title>Sukrin Gold - naturligt kaloriefrit s\u00f8demiddel med en l\u00e6kker smag<\/title>\n<meta name=\"description\" content=\"Samme s\u00f8dningsgrad som brunt sukker - Kun\u00a01\/2 kalorie pr teske (5 g) - Naturlig oprindelse, naturlig produktion.\" \/>\n<meta name=\"robots\" content=\"index, follow, max-snippet:-1, max-image-preview:large, max-video-preview:-1\" \/>\n<link rel=\"canonical\" href=\"https:\/\/sukrin.com\/dk\/sukrin-gold\/om-sukrin-gold\/\" \/>\n<meta name=\"twitter:label1\" content=\"Estimeret l\u00e6setid\" \/>\n\t<meta name=\"twitter:data1\" content=\"1 minut\" \/>\n<script type=\"application\/ld+json\" class=\"yoast-schema-graph\">{\"@context\":\"https:\/\/schema.org\",\"@graph\":[{\"@type\":\"WebPage\",\"@id\":\"https:\/\/sukrin.com\/dk\/sukrin-gold\/om-sukrin-gold\/\",\"url\":\"https:\/\/sukrin.com\/dk\/sukrin-gold\/om-sukrin-gold\/\",\"name\":\"Sukrin Gold - naturligt kaloriefrit s\u00f8demiddel med en l\u00e6kker smag\",\"isPartOf\":{\"@id\":\"http:\/\/sukrin.com\/dk\/#website\"},\"datePublished\":\"2012-12-11T13:36:21+00:00\",\"dateModified\":\"2023-12-06T20:44:45+00:00\",\"description\":\"Samme s\u00f8dningsgrad som brunt sukker - Kun\u00a01\/2 kalorie pr teske (5 g) - Naturlig oprindelse, naturlig produktion.\",\"breadcrumb\":{\"@id\":\"https:\/\/sukrin.com\/dk\/sukrin-gold\/om-sukrin-gold\/#breadcrumb\"},\"inLanguage\":\"da-DK\",\"potentialAction\":[{\"@type\":\"ReadAction\",\"target\":[\"https:\/\/sukrin.com\/dk\/sukrin-gold\/om-sukrin-gold\/\"]}]},{\"@type\":\"BreadcrumbList\",\"@id\":\"https:\/\/sukrin.com\/dk\/sukrin-gold\/om-sukrin-gold\/#breadcrumb\",\"itemListElement\":[{\"@type\":\"ListItem\",\"position\":1,\"name\":\"Sukrin Gold\",\"item\":\"https:\/\/sukrin.com\/dk\/sukrin-gold\/\"},{\"@type\":\"ListItem\",\"position\":2,\"name\":\"Om Sukrin Gold\"}]},{\"@type\":\"WebSite\",\"@id\":\"http:\/\/sukrin.com\/dk\/#website\",\"url\":\"http:\/\/sukrin.com\/dk\/\",\"name\":\"Sukrin Danmark\",\"description\":\"Sukrin - Healthy and tasty made easy\",\"potentialAction\":[{\"@type\":\"SearchAction\",\"target\":{\"@type\":\"EntryPoint\",\"urlTemplate\":\"http:\/\/sukrin.com\/dk\/?s={search_term_string}\"},\"query-input\":{\"@type\":\"PropertyValueSpecification\",\"valueRequired\":true,\"valueName\":\"search_term_string\"}}],\"inLanguage\":\"da-DK\"}]}<\/script>\n<!-- \/ Yoast SEO plugin. -->","yoast_head_json":{"title":"Sukrin Gold - naturligt kaloriefrit s\u00f8demiddel med en l\u00e6kker smag","description":"Samme s\u00f8dningsgrad som brunt sukker - Kun\u00a01\/2 kalorie pr teske (5 g) - Naturlig oprindelse, naturlig produktion.","robots":{"index":"index","follow":"follow","max-snippet":"max-snippet:-1","max-image-preview":"max-image-preview:large","max-video-preview":"max-video-preview:-1"},"canonical":"https:\/\/sukrin.com\/dk\/sukrin-gold\/om-sukrin-gold\/","twitter_misc":{"Estimeret l\u00e6setid":"1 minut"},"schema":{"@context":"https:\/\/schema.org","@graph":[{"@type":"WebPage","@id":"https:\/\/sukrin.com\/dk\/sukrin-gold\/om-sukrin-gold\/","url":"https:\/\/sukrin.com\/dk\/sukrin-gold\/om-sukrin-gold\/","name":"Sukrin Gold - naturligt kaloriefrit s\u00f8demiddel med en l\u00e6kker smag","isPartOf":{"@id":"http:\/\/sukrin.com\/dk\/#website"},"datePublished":"2012-12-11T13:36:21+00:00","dateModified":"2023-12-06T20:44:45+00:00","description":"Samme s\u00f8dningsgrad som brunt sukker - Kun\u00a01\/2 kalorie pr teske (5 g) - Naturlig oprindelse, naturlig produktion.","breadcrumb":{"@id":"https:\/\/sukrin.com\/dk\/sukrin-gold\/om-sukrin-gold\/#breadcrumb"},"inLanguage":"da-DK","potentialAction":[{"@type":"ReadAction","target":["https:\/\/sukrin.com\/dk\/sukrin-gold\/om-sukrin-gold\/"]}]},{"@type":"BreadcrumbList","@id":"https:\/\/sukrin.com\/dk\/sukrin-gold\/om-sukrin-gold\/#breadcrumb","itemListElement":[{"@type":"ListItem","position":1,"name":"Sukrin Gold","item":"https:\/\/sukrin.com\/dk\/sukrin-gold\/"},{"@type":"ListItem","position":2,"name":"Om Sukrin Gold"}]},{"@type":"WebSite","@id":"http:\/\/sukrin.com\/dk\/#website","url":"http:\/\/sukrin.com\/dk\/","name":"Sukrin Danmark","description":"Sukrin - Healthy and tasty made easy","potentialAction":[{"@type":"SearchAction","target":{"@type":"EntryPoint","urlTemplate":"http:\/\/sukrin.com\/dk\/?s={search_term_string}"},"query-input":{"@type":"PropertyValueSpecification","valueRequired":true,"valueName":"search_term_string"}}],"inLanguage":"da-DK"}]}},"_links":{"self":[{"href":"https:\/\/sukrin.com\/dk\/wp-json\/wp\/v2\/pages\/1318"}],"collection":[{"href":"https:\/\/sukrin.com\/dk\/wp-json\/wp\/v2\/pages"}],"about":[{"href":"https:\/\/sukrin.com\/dk\/wp-json\/wp\/v2\/types\/page"}],"author":[{"embeddable":true,"href":"https:\/\/sukrin.com\/dk\/wp-json\/wp\/v2\/users\/1"}],"replies":[{"embeddable":true,"href":"https:\/\/sukrin.com\/dk\/wp-json\/wp\/v2\/comments?post=1318"}],"version-history":[{"count":18,"href":"https:\/\/sukrin.com\/dk\/wp-json\/wp\/v2\/pages\/1318\/revisions"}],"predecessor-version":[{"id":3058,"href":"https:\/\/sukrin.com\/dk\/wp-json\/wp\/v2\/pages\/1318\/revisions\/3058"}],"up":[{"embeddable":true,"href":"https:\/\/sukrin.com\/dk\/wp-json\/wp\/v2\/pages\/1312"}],"wp:attachment":[{"href":"https:\/\/sukrin.com\/dk\/wp-json\/wp\/v2\/media?parent=1318"}],"wp:term":[{"taxonomy":"product_types","embeddable":true,"href":"https:\/\/sukrin.com\/dk\/wp-json\/wp\/v2\/product_types?post=1318"}],"curies":[{"name":"wp","href":"https:\/\/api.w.org\/{rel}","templated":true}]}}