{"id":131,"date":"2010-11-12T10:11:02","date_gmt":"2010-11-12T10:11:02","guid":{"rendered":"http:\/\/localhost\/"},"modified":"2024-03-26T12:14:28","modified_gmt":"2024-03-26T10:14:28","slug":"om","status":"publish","type":"page","link":"https:\/\/sukrin.com\/dk\/fiberfin\/om\/","title":{"rendered":"Om FiberFin"},"content":{"rendered":"\n<h1 class=\"wp-block-heading\">FiberFin &#8211; kostfiber i klog forkl\u00e6dning<\/h1>\n\n\n\n<p>FiberFin kan bruges af alle, der \u00f8nsker en kost med flere kostfibre &#8211; brug det fx, n\u00e5r du bager.<\/p>\n\n\n\n<ul class=\"wp-block-list\">\n<li>Glutenfrit<\/li>\n\n\n\n<li>H\u00f8jt fiberindhold &#8211; uden at smag og konsistens \u00e6ndres<\/li>\n\n\n\n<li>Bruges i bagning og madlavning eller tils\u00e6ttes smoothies etc.<\/li>\n<\/ul>\n\n\n\n<h2 class=\"wp-block-heading\">Kostfiber med en god mavefornemmelse<\/h2>\n\n\n\n<p>Det anbefalede indhold af kostfiber i kosten er 30 gram per dag. Fiberfin indeholder 6 gram kostfiber pr. spsk (10 gram).<\/p>\n\n\n\n<p>FiberFin indeholder kostfiberen resistent stivelse og er meget nem at bruge i den daglige madlavning.<\/p>\n\n\n\n<h2 class=\"wp-block-heading\">G\u00f8r bagv\u00e6rket mere fiberrigt<\/h2>\n\n\n\n<p>Med FiberFin kan du ganske enkelt \u00f8ge fiberindholdet i br\u00f8d, pizza, t\u00e6rter, pandekager, vafler, muffins og kager. FiberFin er et hvidt mel, der kan tils\u00e6ttes i maden\/dejen, uden at smag, konsistens eller udseende forandres. Det har 48 % fibre. 1 spsk FiberFin giver 5 gram kostfiber. Du beh\u00f8ver derfor kun at bruge en lille m\u00e6ngde for at g\u00f8re maden mere fiberrig. FiberFin er baseret p\u00e5 majs og derfor helt naturligt glutenfrit.<\/p>\n\n\n\n<h2 class=\"wp-block-heading\">Hvordan bruger jeg FiberFin?<\/h2>\n\n\n\n<h4 class=\"wp-block-heading\"><strong><br>Brug det direkte<\/strong>:<\/h4>\n\n\n\n<p>Bager du sj\u00e6ldent? S\u00e5 pr\u00f8v FiberFin over dit morgenmadsprodukt eller bland det i juice eller m\u00e6lk.<\/p>\n\n\n\n<h4 class=\"wp-block-heading\">Ved bagning:<\/h4>\n\n\n\n<p>Alle steder, hvor du bruger mel, kan du ogs\u00e5 bruge FiberFin. Erstat blot 10-20% af melet med FiberFin &#8211; slutproduktets smag og udseende \u00e6ndres ikke!<br>Erstat fx 7 % af melet i en pizzadej med FiberFin &#8211; det g\u00f8r ogs\u00e5 dejen nemmere at arbejde med.<\/p>\n\n\n\n<h3 class=\"wp-block-heading\">N\u00e6ringsindhold pr. 100 g:<\/h3>\n\n\n\n<p>Energi: 1114 kJ\/268 kcal<br>Fedt: \u00b40,8 g<br>-heraf m\u00e6ttet: 0 g<br>Kulhydrat: 41 g<br>-heraf sukkerarter: 0 g<br>Kostfiber: 48 g<br>Protein: 0,6 g<br>Salt: 0 g<\/p>\n","protected":false},"excerpt":{"rendered":"<p>FiberFin &#8211; kostfiber i klog forkl\u00e6dning FiberFin kan bruges af alle, der \u00f8nsker en [&hellip;]<\/p>\n","protected":false},"author":1,"featured_media":0,"parent":153,"menu_order":0,"comment_status":"open","ping_status":"closed","template":"","meta":{"_monsterinsights_skip_tracking":false,"_monsterinsights_sitenote_active":false,"_monsterinsights_sitenote_note":"","_monsterinsights_sitenote_category":0,"footnotes":""},"product_types":[5],"class_list":["post-131","page","type-page","status-publish","hentry","product_types-type-fiberfin"],"yoast_head":"<!-- This site is optimized with the Yoast SEO plugin v23.6 - https:\/\/yoast.com\/wordpress\/plugins\/seo\/ -->\n<title>Sukrin FiberFin - fiber i forkl\u00e6dning<\/title>\n<meta name=\"description\" content=\"FiberFin er et hvidt, fiberrigt mel, der kan tils\u00e6ttes i maden\/dejen, uden at smag, konsistens eller udseende forandres.\" \/>\n<meta name=\"robots\" content=\"index, follow, max-snippet:-1, max-image-preview:large, max-video-preview:-1\" \/>\n<link rel=\"canonical\" href=\"http:\/\/sukrin.com\/dk\/fiberfin\/om\/\" \/>\n<meta name=\"twitter:label1\" content=\"Estimeret l\u00e6setid\" \/>\n\t<meta name=\"twitter:data1\" content=\"2 minutter\" \/>\n<script type=\"application\/ld+json\" class=\"yoast-schema-graph\">{\"@context\":\"https:\/\/schema.org\",\"@graph\":[{\"@type\":\"WebPage\",\"@id\":\"http:\/\/sukrin.com\/dk\/fiberfin\/om\/\",\"url\":\"http:\/\/sukrin.com\/dk\/fiberfin\/om\/\",\"name\":\"Sukrin FiberFin - fiber i forkl\u00e6dning\",\"isPartOf\":{\"@id\":\"http:\/\/sukrin.com\/dk\/#website\"},\"datePublished\":\"2010-11-12T10:11:02+00:00\",\"dateModified\":\"2024-03-26T10:14:28+00:00\",\"description\":\"FiberFin er et hvidt, fiberrigt mel, der kan tils\u00e6ttes i maden\/dejen, uden at smag, konsistens eller udseende forandres.\",\"breadcrumb\":{\"@id\":\"http:\/\/sukrin.com\/dk\/fiberfin\/om\/#breadcrumb\"},\"inLanguage\":\"da-DK\",\"potentialAction\":[{\"@type\":\"ReadAction\",\"target\":[\"http:\/\/sukrin.com\/dk\/fiberfin\/om\/\"]}]},{\"@type\":\"BreadcrumbList\",\"@id\":\"http:\/\/sukrin.com\/dk\/fiberfin\/om\/#breadcrumb\",\"itemListElement\":[{\"@type\":\"ListItem\",\"position\":1,\"name\":\"FiberFin\",\"item\":\"http:\/\/sukrin.com\/dk\/fiberfin\/\"},{\"@type\":\"ListItem\",\"position\":2,\"name\":\"Om FiberFin\"}]},{\"@type\":\"WebSite\",\"@id\":\"http:\/\/sukrin.com\/dk\/#website\",\"url\":\"http:\/\/sukrin.com\/dk\/\",\"name\":\"Sukrin Danmark\",\"description\":\"Sukrin - Healthy and tasty made easy\",\"potentialAction\":[{\"@type\":\"SearchAction\",\"target\":{\"@type\":\"EntryPoint\",\"urlTemplate\":\"http:\/\/sukrin.com\/dk\/?s={search_term_string}\"},\"query-input\":{\"@type\":\"PropertyValueSpecification\",\"valueRequired\":true,\"valueName\":\"search_term_string\"}}],\"inLanguage\":\"da-DK\"}]}<\/script>\n<!-- \/ Yoast SEO plugin. -->","yoast_head_json":{"title":"Sukrin FiberFin - fiber i forkl\u00e6dning","description":"FiberFin er et hvidt, fiberrigt mel, der kan tils\u00e6ttes i maden\/dejen, uden at smag, konsistens eller udseende forandres.","robots":{"index":"index","follow":"follow","max-snippet":"max-snippet:-1","max-image-preview":"max-image-preview:large","max-video-preview":"max-video-preview:-1"},"canonical":"http:\/\/sukrin.com\/dk\/fiberfin\/om\/","twitter_misc":{"Estimeret l\u00e6setid":"2 minutter"},"schema":{"@context":"https:\/\/schema.org","@graph":[{"@type":"WebPage","@id":"http:\/\/sukrin.com\/dk\/fiberfin\/om\/","url":"http:\/\/sukrin.com\/dk\/fiberfin\/om\/","name":"Sukrin FiberFin - fiber i forkl\u00e6dning","isPartOf":{"@id":"http:\/\/sukrin.com\/dk\/#website"},"datePublished":"2010-11-12T10:11:02+00:00","dateModified":"2024-03-26T10:14:28+00:00","description":"FiberFin er et hvidt, fiberrigt mel, der kan tils\u00e6ttes i maden\/dejen, uden at smag, konsistens eller udseende forandres.","breadcrumb":{"@id":"http:\/\/sukrin.com\/dk\/fiberfin\/om\/#breadcrumb"},"inLanguage":"da-DK","potentialAction":[{"@type":"ReadAction","target":["http:\/\/sukrin.com\/dk\/fiberfin\/om\/"]}]},{"@type":"BreadcrumbList","@id":"http:\/\/sukrin.com\/dk\/fiberfin\/om\/#breadcrumb","itemListElement":[{"@type":"ListItem","position":1,"name":"FiberFin","item":"http:\/\/sukrin.com\/dk\/fiberfin\/"},{"@type":"ListItem","position":2,"name":"Om FiberFin"}]},{"@type":"WebSite","@id":"http:\/\/sukrin.com\/dk\/#website","url":"http:\/\/sukrin.com\/dk\/","name":"Sukrin Danmark","description":"Sukrin - Healthy and tasty made easy","potentialAction":[{"@type":"SearchAction","target":{"@type":"EntryPoint","urlTemplate":"http:\/\/sukrin.com\/dk\/?s={search_term_string}"},"query-input":{"@type":"PropertyValueSpecification","valueRequired":true,"valueName":"search_term_string"}}],"inLanguage":"da-DK"}]}},"_links":{"self":[{"href":"https:\/\/sukrin.com\/dk\/wp-json\/wp\/v2\/pages\/131"}],"collection":[{"href":"https:\/\/sukrin.com\/dk\/wp-json\/wp\/v2\/pages"}],"about":[{"href":"https:\/\/sukrin.com\/dk\/wp-json\/wp\/v2\/types\/page"}],"author":[{"embeddable":true,"href":"https:\/\/sukrin.com\/dk\/wp-json\/wp\/v2\/users\/1"}],"replies":[{"embeddable":true,"href":"https:\/\/sukrin.com\/dk\/wp-json\/wp\/v2\/comments?post=131"}],"version-history":[{"count":16,"href":"https:\/\/sukrin.com\/dk\/wp-json\/wp\/v2\/pages\/131\/revisions"}],"predecessor-version":[{"id":3085,"href":"https:\/\/sukrin.com\/dk\/wp-json\/wp\/v2\/pages\/131\/revisions\/3085"}],"up":[{"embeddable":true,"href":"https:\/\/sukrin.com\/dk\/wp-json\/wp\/v2\/pages\/153"}],"wp:attachment":[{"href":"https:\/\/sukrin.com\/dk\/wp-json\/wp\/v2\/media?parent=131"}],"wp:term":[{"taxonomy":"product_types","embeddable":true,"href":"https:\/\/sukrin.com\/dk\/wp-json\/wp\/v2\/product_types?post=131"}],"curies":[{"name":"wp","href":"https:\/\/api.w.org\/{rel}","templated":true}]}}