{"id":128,"date":"2010-11-12T10:10:38","date_gmt":"2010-11-12T10:10:38","guid":{"rendered":"http:\/\/localhost\/"},"modified":"2022-11-22T14:35:36","modified_gmt":"2022-11-22T12:35:36","slug":"om","status":"publish","type":"page","link":"https:\/\/sukrin.com\/dk\/sukrin\/om\/","title":{"rendered":"Om Sukrin"},"content":{"rendered":"\n<h1 class=\"wp-block-heading\">Sukrin &#8211; et alternativ til sukker<\/h1>\n\n\n\n<p>Vil du sk\u00e6re ned p\u00e5 dit sukkerforbrug og undg\u00e5 kunstige s\u00f8demidler?<br>S\u00e5 pr\u00f8v det nye, naturlige alternativ!<\/p>\n\n\n\n<ul class=\"wp-block-list\">\n<li>Nul kalorier*<\/li>\n\n\n\n<li>Tandvenlig*<\/li>\n\n\n\n<li>Smager og ser ud som sukker<\/li>\n\n\n\n<li>Af naturlig oprindelse*<\/li>\n<\/ul>\n\n\n\n<h2 class=\"wp-block-heading\">S\u00f8d uden kalorier<\/h2>\n\n\n\n<p>Sukrin er et s\u00f8destof til bordbrug p\u00e5 basis af erythritol. Sukrin indeholder ingen kulhydrater, der indg\u00e5r i kroppens energioms\u00e6tning.<\/p>\n\n\n\n<p>Sukrin bliver fremstillet ved en naturlig g\u00e6ringsproces (fermentering), hvor man bruger druesukker som r\u00e5stof. Man bruger samme metode, n\u00e5r man laver fx vin eller ost. Erythritol findes ogs\u00e5 i naturen i bl.a. p\u00e6rer, meloner og spisesvampe.<\/p>\n\n\n\n<p>*Sukrin har et lavt energiindhold (0 kcal\/100 gram). Indtagelse af f\u00f8devarer, der indeholder erythritol (Sukrin) i stedet for sukker, begr\u00e6nser stigningen i blodsukkerniveauet i forhold til sukkerholdige f\u00f8devarer. Indtagelse af f\u00f8devarer, der indeholder erythritol (Sukrin) i stedet for sukker, bidrager til at vedligeholde mineraliseringen af t\u00e6nderne. Sukrin indeholder 100 % erythritol, som er et s\u00f8destof af naturlig oprindelse.<\/p>\n\n\n\n<h3 class=\"wp-block-heading\">N\u00e6ringsindhold pr. 100 g:<\/h3>\n\n\n\n<p>Energi: 0 kJ\/0 kcal<br>Fedt: 0 g<br>-heraf m\u00e6ttet: 0 g<br>Kulhydrat: 100 g<br>-heraf sukkerarter: 0 g<br>-heraf polyoler: 100 g*<br>Kostfiber: 0 g<br>Protein: 0 g<br>Salt: 0 g<br>*kulhydrater som ikke metaboliseres i kroppen.<\/p>\n","protected":false},"excerpt":{"rendered":"<p>Sukrin &#8211; et alternativ til sukker Vil du sk\u00e6re ned p\u00e5 dit sukkerforbrug og [&hellip;]<\/p>\n","protected":false},"author":1,"featured_media":160,"parent":149,"menu_order":10,"comment_status":"open","ping_status":"closed","template":"","meta":{"_monsterinsights_skip_tracking":false,"_monsterinsights_sitenote_active":false,"_monsterinsights_sitenote_note":"","_monsterinsights_sitenote_category":0,"footnotes":""},"product_types":[17],"class_list":["post-128","page","type-page","status-publish","has-post-thumbnail","hentry","product_types-type-sukrin"],"yoast_head":"<!-- This site is optimized with the Yoast SEO plugin v23.6 - https:\/\/yoast.com\/wordpress\/plugins\/seo\/ -->\n<title>Sukrin - naturligt kaloriefrit sukkererstatning<\/title>\n<meta name=\"description\" content=\"Nul kalorier - Tandvenlig - Smager og ser ud som sukker - Af naturlig oprindelse - Naturlig produktion\" \/>\n<meta name=\"robots\" content=\"index, follow, max-snippet:-1, max-image-preview:large, max-video-preview:-1\" \/>\n<link rel=\"canonical\" href=\"https:\/\/sukrin.com\/dk\/sukrin\/om\/\" \/>\n<meta name=\"twitter:label1\" content=\"Estimeret l\u00e6setid\" \/>\n\t<meta name=\"twitter:data1\" content=\"2 minutter\" \/>\n<script type=\"application\/ld+json\" class=\"yoast-schema-graph\">{\"@context\":\"https:\/\/schema.org\",\"@graph\":[{\"@type\":\"WebPage\",\"@id\":\"https:\/\/sukrin.com\/dk\/sukrin\/om\/\",\"url\":\"https:\/\/sukrin.com\/dk\/sukrin\/om\/\",\"name\":\"Sukrin - naturligt kaloriefrit sukkererstatning\",\"isPartOf\":{\"@id\":\"http:\/\/sukrin.com\/dk\/#website\"},\"primaryImageOfPage\":{\"@id\":\"https:\/\/sukrin.com\/dk\/sukrin\/om\/#primaryimage\"},\"image\":{\"@id\":\"https:\/\/sukrin.com\/dk\/sukrin\/om\/#primaryimage\"},\"thumbnailUrl\":\"\",\"datePublished\":\"2010-11-12T10:10:38+00:00\",\"dateModified\":\"2022-11-22T12:35:36+00:00\",\"description\":\"Nul kalorier - Tandvenlig - Smager og ser ud som sukker - Af naturlig oprindelse - Naturlig produktion\",\"breadcrumb\":{\"@id\":\"https:\/\/sukrin.com\/dk\/sukrin\/om\/#breadcrumb\"},\"inLanguage\":\"da-DK\",\"potentialAction\":[{\"@type\":\"ReadAction\",\"target\":[\"https:\/\/sukrin.com\/dk\/sukrin\/om\/\"]}]},{\"@type\":\"ImageObject\",\"inLanguage\":\"da-DK\",\"@id\":\"https:\/\/sukrin.com\/dk\/sukrin\/om\/#primaryimage\",\"url\":\"\",\"contentUrl\":\"\"},{\"@type\":\"BreadcrumbList\",\"@id\":\"https:\/\/sukrin.com\/dk\/sukrin\/om\/#breadcrumb\",\"itemListElement\":[{\"@type\":\"ListItem\",\"position\":1,\"name\":\"Sukrin\",\"item\":\"http:\/\/sukrin.com\/dk\/sukrin\/\"},{\"@type\":\"ListItem\",\"position\":2,\"name\":\"Om Sukrin\"}]},{\"@type\":\"WebSite\",\"@id\":\"http:\/\/sukrin.com\/dk\/#website\",\"url\":\"http:\/\/sukrin.com\/dk\/\",\"name\":\"Sukrin Danmark\",\"description\":\"Sukrin - Healthy and tasty made easy\",\"potentialAction\":[{\"@type\":\"SearchAction\",\"target\":{\"@type\":\"EntryPoint\",\"urlTemplate\":\"http:\/\/sukrin.com\/dk\/?s={search_term_string}\"},\"query-input\":{\"@type\":\"PropertyValueSpecification\",\"valueRequired\":true,\"valueName\":\"search_term_string\"}}],\"inLanguage\":\"da-DK\"}]}<\/script>\n<!-- \/ Yoast SEO plugin. -->","yoast_head_json":{"title":"Sukrin - naturligt kaloriefrit sukkererstatning","description":"Nul kalorier - Tandvenlig - Smager og ser ud som sukker - Af naturlig oprindelse - Naturlig produktion","robots":{"index":"index","follow":"follow","max-snippet":"max-snippet:-1","max-image-preview":"max-image-preview:large","max-video-preview":"max-video-preview:-1"},"canonical":"https:\/\/sukrin.com\/dk\/sukrin\/om\/","twitter_misc":{"Estimeret l\u00e6setid":"2 minutter"},"schema":{"@context":"https:\/\/schema.org","@graph":[{"@type":"WebPage","@id":"https:\/\/sukrin.com\/dk\/sukrin\/om\/","url":"https:\/\/sukrin.com\/dk\/sukrin\/om\/","name":"Sukrin - naturligt kaloriefrit sukkererstatning","isPartOf":{"@id":"http:\/\/sukrin.com\/dk\/#website"},"primaryImageOfPage":{"@id":"https:\/\/sukrin.com\/dk\/sukrin\/om\/#primaryimage"},"image":{"@id":"https:\/\/sukrin.com\/dk\/sukrin\/om\/#primaryimage"},"thumbnailUrl":"","datePublished":"2010-11-12T10:10:38+00:00","dateModified":"2022-11-22T12:35:36+00:00","description":"Nul kalorier - Tandvenlig - Smager og ser ud som sukker - Af naturlig oprindelse - Naturlig produktion","breadcrumb":{"@id":"https:\/\/sukrin.com\/dk\/sukrin\/om\/#breadcrumb"},"inLanguage":"da-DK","potentialAction":[{"@type":"ReadAction","target":["https:\/\/sukrin.com\/dk\/sukrin\/om\/"]}]},{"@type":"ImageObject","inLanguage":"da-DK","@id":"https:\/\/sukrin.com\/dk\/sukrin\/om\/#primaryimage","url":"","contentUrl":""},{"@type":"BreadcrumbList","@id":"https:\/\/sukrin.com\/dk\/sukrin\/om\/#breadcrumb","itemListElement":[{"@type":"ListItem","position":1,"name":"Sukrin","item":"http:\/\/sukrin.com\/dk\/sukrin\/"},{"@type":"ListItem","position":2,"name":"Om Sukrin"}]},{"@type":"WebSite","@id":"http:\/\/sukrin.com\/dk\/#website","url":"http:\/\/sukrin.com\/dk\/","name":"Sukrin Danmark","description":"Sukrin - Healthy and tasty made easy","potentialAction":[{"@type":"SearchAction","target":{"@type":"EntryPoint","urlTemplate":"http:\/\/sukrin.com\/dk\/?s={search_term_string}"},"query-input":{"@type":"PropertyValueSpecification","valueRequired":true,"valueName":"search_term_string"}}],"inLanguage":"da-DK"}]}},"_links":{"self":[{"href":"https:\/\/sukrin.com\/dk\/wp-json\/wp\/v2\/pages\/128"}],"collection":[{"href":"https:\/\/sukrin.com\/dk\/wp-json\/wp\/v2\/pages"}],"about":[{"href":"https:\/\/sukrin.com\/dk\/wp-json\/wp\/v2\/types\/page"}],"author":[{"embeddable":true,"href":"https:\/\/sukrin.com\/dk\/wp-json\/wp\/v2\/users\/1"}],"replies":[{"embeddable":true,"href":"https:\/\/sukrin.com\/dk\/wp-json\/wp\/v2\/comments?post=128"}],"version-history":[{"count":13,"href":"https:\/\/sukrin.com\/dk\/wp-json\/wp\/v2\/pages\/128\/revisions"}],"predecessor-version":[{"id":2893,"href":"https:\/\/sukrin.com\/dk\/wp-json\/wp\/v2\/pages\/128\/revisions\/2893"}],"up":[{"embeddable":true,"href":"https:\/\/sukrin.com\/dk\/wp-json\/wp\/v2\/pages\/149"}],"wp:featuredmedia":[{"embeddable":true,"href":"https:\/\/sukrin.com\/dk\/wp-json\/"}],"wp:attachment":[{"href":"https:\/\/sukrin.com\/dk\/wp-json\/wp\/v2\/media?parent=128"}],"wp:term":[{"taxonomy":"product_types","embeddable":true,"href":"https:\/\/sukrin.com\/dk\/wp-json\/wp\/v2\/product_types?post=128"}],"curies":[{"name":"wp","href":"https:\/\/api.w.org\/{rel}","templated":true}]}}