{"id":1271,"date":"2012-08-27T18:37:48","date_gmt":"2012-08-27T16:37:48","guid":{"rendered":"http:\/\/sukrin.com\/dk\/?page_id=1271"},"modified":"2023-04-26T14:02:53","modified_gmt":"2023-04-26T12:02:53","slug":"om-ingredienserne","status":"publish","type":"page","link":"https:\/\/sukrin.com\/dk\/kakemix\/om-ingredienserne\/","title":{"rendered":"Om ingredienserne"},"content":{"rendered":"<h3>Fedtreduceret Mandelmel<\/h3>\n<p>Fintmalede mandler, hvor 80% af fedtet er fjernet ved koldpresning. L\u00e6s mere <a href=\"http:\/\/sukrin.com\/dk\/mandelmel\/om\/\">om fedtreduceret mandelmel her.<\/a><\/p>\n<h3>Erythritol<\/h3>\n<p>Erytritol (Sukrin) er et s\u00f8destof af naturlig oprindelse. Indtagelse af f\u00f8devarer, der indeholder erythritol (Sukrin) i stedet for sukker, begr\u00e6nser stigningen i blodsukkerniveauet i forhold til sukkerholdige f\u00f8devarer. L\u00e6s mere\u00a0<a href=\"http:\/\/sukrin.com\/dk\/sukrin\/om\/\">om Sukrin her.<\/a><\/p>\n<h3>Resistent stivelse fra majs (FiberFin)<\/h3>\n<p>Fiberfin er et naturligt, glutenfrit mel med et h\u00f8jt indhold af fibre i form af resistent stivelse. L\u00e6s mere <a href=\"http:\/\/sukrin.com\/dk\/fiberfin\/om\/\">om Fiberfin\u00a0her.<\/a><\/p>\n<h3>Fibre fra cikorierod og psyllium husk<\/h3>\n<p>Plantefibre, som bruges til at give den rigtige konsistens og \u00f8ge fiberindholdet i kagen.<\/p>\n<h3>Majs og kartoffelstivelse<\/h3>\n<p>Stivelse fra majs og kartofler, som g\u00f8r kagen saftig og bevarer en bl\u00f8d krumme.<\/p>\n<h3>\u00c6rteprotein<\/h3>\n<p>Fuldgyldigt vegetabilsk protein hentet fra \u00e6rter.<\/p>\n<h3>H\u00e6vemiddel<\/h3>\n<p>Bikarbonat og difosfat\u00a0er indholdet i almindeligt bagepulver. Difosfat\u00a0neutraliserer bikarbonat og styrer h\u00e6vningen.<\/p>\n<h3>Salt<\/h3>\n<p>Almindeligt bordsalt (natriumklorid).<\/p>\n<h3>Emulgator<\/h3>\n<p>Mono- og diglyserider av fedtsyrer. Bruges for at binde vand og fedt og giver kagen en fin skorpe og fast konsistens. Fedtet er udelukkende fra vegetabilske kilder.<\/p>\n<h3>Surhedsregulerende middel<\/h3>\n<p>Citronsyre. Virker som \u00a0surhedsregulerende middel, og styrer ogs\u00e5 h\u00e6vningen.<\/p>\n<h3>Aroma<\/h3>\n<p>Vanilje<\/p>\n<h3>Sukralose<\/h3>\n<p>Sukralose er et s\u00f8destof som er ca. 600 gange s\u00f8dere end sukker. Vi har brugt en meget lille m\u00e6ngde (0,5 g) for \u00e5 forst\u00e6rke den s\u00f8de smag i Sukrin.<\/p>\n","protected":false},"excerpt":{"rendered":"<p>Fedtreduceret Mandelmel Fintmalede mandler, hvor 80% af fedtet er fjernet ved koldpresning. L\u00e6s mere [&hellip;]<\/p>\n","protected":false},"author":1,"featured_media":0,"parent":1267,"menu_order":20,"comment_status":"open","ping_status":"open","template":"","meta":{"_monsterinsights_skip_tracking":false,"_monsterinsights_sitenote_active":false,"_monsterinsights_sitenote_note":"","_monsterinsights_sitenote_category":0,"footnotes":""},"product_types":[27],"class_list":["post-1271","page","type-page","status-publish","hentry","product_types-type-cakemix"],"yoast_head":"<!-- This site is optimized with the Yoast SEO plugin v23.6 - https:\/\/yoast.com\/wordpress\/plugins\/seo\/ -->\n<title>Om ingredienserne - Sukrin Danmark<\/title>\n<meta name=\"robots\" content=\"index, follow, max-snippet:-1, max-image-preview:large, max-video-preview:-1\" \/>\n<link rel=\"canonical\" href=\"http:\/\/sukrin.com\/dk\/kakemix\/om-ingredienserne\/\" \/>\n<meta name=\"twitter:label1\" content=\"Estimeret l\u00e6setid\" \/>\n\t<meta name=\"twitter:data1\" content=\"2 minutter\" \/>\n<script type=\"application\/ld+json\" class=\"yoast-schema-graph\">{\"@context\":\"https:\/\/schema.org\",\"@graph\":[{\"@type\":\"WebPage\",\"@id\":\"http:\/\/sukrin.com\/dk\/kakemix\/om-ingredienserne\/\",\"url\":\"http:\/\/sukrin.com\/dk\/kakemix\/om-ingredienserne\/\",\"name\":\"Om ingredienserne - Sukrin Danmark\",\"isPartOf\":{\"@id\":\"http:\/\/sukrin.com\/dk\/#website\"},\"datePublished\":\"2012-08-27T16:37:48+00:00\",\"dateModified\":\"2023-04-26T12:02:53+00:00\",\"breadcrumb\":{\"@id\":\"http:\/\/sukrin.com\/dk\/kakemix\/om-ingredienserne\/#breadcrumb\"},\"inLanguage\":\"da-DK\",\"potentialAction\":[{\"@type\":\"ReadAction\",\"target\":[\"http:\/\/sukrin.com\/dk\/kakemix\/om-ingredienserne\/\"]}]},{\"@type\":\"BreadcrumbList\",\"@id\":\"http:\/\/sukrin.com\/dk\/kakemix\/om-ingredienserne\/#breadcrumb\",\"itemListElement\":[{\"@type\":\"ListItem\",\"position\":1,\"name\":\"Kagemix\",\"item\":\"http:\/\/sukrin.com\/dk\/kakemix\/\"},{\"@type\":\"ListItem\",\"position\":2,\"name\":\"Om ingredienserne\"}]},{\"@type\":\"WebSite\",\"@id\":\"http:\/\/sukrin.com\/dk\/#website\",\"url\":\"http:\/\/sukrin.com\/dk\/\",\"name\":\"Sukrin Danmark\",\"description\":\"Sukrin - Healthy and tasty made easy\",\"potentialAction\":[{\"@type\":\"SearchAction\",\"target\":{\"@type\":\"EntryPoint\",\"urlTemplate\":\"http:\/\/sukrin.com\/dk\/?s={search_term_string}\"},\"query-input\":{\"@type\":\"PropertyValueSpecification\",\"valueRequired\":true,\"valueName\":\"search_term_string\"}}],\"inLanguage\":\"da-DK\"}]}<\/script>\n<!-- \/ Yoast SEO plugin. -->","yoast_head_json":{"title":"Om ingredienserne - Sukrin Danmark","robots":{"index":"index","follow":"follow","max-snippet":"max-snippet:-1","max-image-preview":"max-image-preview:large","max-video-preview":"max-video-preview:-1"},"canonical":"http:\/\/sukrin.com\/dk\/kakemix\/om-ingredienserne\/","twitter_misc":{"Estimeret l\u00e6setid":"2 minutter"},"schema":{"@context":"https:\/\/schema.org","@graph":[{"@type":"WebPage","@id":"http:\/\/sukrin.com\/dk\/kakemix\/om-ingredienserne\/","url":"http:\/\/sukrin.com\/dk\/kakemix\/om-ingredienserne\/","name":"Om ingredienserne - Sukrin Danmark","isPartOf":{"@id":"http:\/\/sukrin.com\/dk\/#website"},"datePublished":"2012-08-27T16:37:48+00:00","dateModified":"2023-04-26T12:02:53+00:00","breadcrumb":{"@id":"http:\/\/sukrin.com\/dk\/kakemix\/om-ingredienserne\/#breadcrumb"},"inLanguage":"da-DK","potentialAction":[{"@type":"ReadAction","target":["http:\/\/sukrin.com\/dk\/kakemix\/om-ingredienserne\/"]}]},{"@type":"BreadcrumbList","@id":"http:\/\/sukrin.com\/dk\/kakemix\/om-ingredienserne\/#breadcrumb","itemListElement":[{"@type":"ListItem","position":1,"name":"Kagemix","item":"http:\/\/sukrin.com\/dk\/kakemix\/"},{"@type":"ListItem","position":2,"name":"Om ingredienserne"}]},{"@type":"WebSite","@id":"http:\/\/sukrin.com\/dk\/#website","url":"http:\/\/sukrin.com\/dk\/","name":"Sukrin Danmark","description":"Sukrin - Healthy and tasty made easy","potentialAction":[{"@type":"SearchAction","target":{"@type":"EntryPoint","urlTemplate":"http:\/\/sukrin.com\/dk\/?s={search_term_string}"},"query-input":{"@type":"PropertyValueSpecification","valueRequired":true,"valueName":"search_term_string"}}],"inLanguage":"da-DK"}]}},"_links":{"self":[{"href":"https:\/\/sukrin.com\/dk\/wp-json\/wp\/v2\/pages\/1271"}],"collection":[{"href":"https:\/\/sukrin.com\/dk\/wp-json\/wp\/v2\/pages"}],"about":[{"href":"https:\/\/sukrin.com\/dk\/wp-json\/wp\/v2\/types\/page"}],"author":[{"embeddable":true,"href":"https:\/\/sukrin.com\/dk\/wp-json\/wp\/v2\/users\/1"}],"replies":[{"embeddable":true,"href":"https:\/\/sukrin.com\/dk\/wp-json\/wp\/v2\/comments?post=1271"}],"version-history":[{"count":14,"href":"https:\/\/sukrin.com\/dk\/wp-json\/wp\/v2\/pages\/1271\/revisions"}],"predecessor-version":[{"id":3021,"href":"https:\/\/sukrin.com\/dk\/wp-json\/wp\/v2\/pages\/1271\/revisions\/3021"}],"up":[{"embeddable":true,"href":"https:\/\/sukrin.com\/dk\/wp-json\/wp\/v2\/pages\/1267"}],"wp:attachment":[{"href":"https:\/\/sukrin.com\/dk\/wp-json\/wp\/v2\/media?parent=1271"}],"wp:term":[{"taxonomy":"product_types","embeddable":true,"href":"https:\/\/sukrin.com\/dk\/wp-json\/wp\/v2\/product_types?post=1271"}],"curies":[{"name":"wp","href":"https:\/\/api.w.org\/{rel}","templated":true}]}}