{"id":1269,"date":"2012-08-28T10:12:09","date_gmt":"2012-08-28T08:12:09","guid":{"rendered":"http:\/\/sukrin.com\/dk\/?page_id=1269"},"modified":"2022-02-16T10:06:01","modified_gmt":"2022-02-16T08:06:01","slug":"om-kakemixen","status":"publish","type":"page","link":"https:\/\/sukrin.com\/dk\/kakemix\/om-kakemixen\/","title":{"rendered":"Om kagemixen"},"content":{"rendered":"<h1>Sukkerfri og glutenfri&nbsp;kagemix med mange muligheder<\/h1>\n<p>Nu f\u00e5r du endelig hj\u00e6lp til at lave dine favoritkager helt uden sukker og hvedemel. Med dette kagemix er det nemt at lave kager, som alle kan spise med god samvittighed. Vi bruger Sukrin i stedet for sukker og erstatter hvedemel med Sesam-mel og FiberFin. Resultatet er en saftig og smagfuld kage, som passer til enhver hyggelig lejlighed.<\/p>\n<p>Kagen smager dejligt, som den er, og kagemixet er tillige perfekt som basis for \u00e6blekage, hindb\u00e6rkage, gulerodskage og mange andre favoritter. Inspirationsh\u00e6fte med opskrifter p\u00e5 10 forskellige kager er tilg\u00e6ngelig her p\u00e5 vores hjemmeside. Kakemix f\u00e5s i helsekostbutikker til 69 kr. (vejl. udsalgspris).<\/p>\n<p><strong>Tips<\/strong>: Bruger du mager kvark i stedet for olie reduceres indholdet av fedt til 4,6 g pr 100 g!<\/p>\n<h3>S\u00e5dan g\u00f8r du:<\/h3>\n<ul>\n<li>T\u00e6nd ovnen p\u00e5 175 C.<\/li>\n<li>Bland 4 store \u00e6g, 2 dl vand, og 1 dl olie i en sk\u00e5l.<\/li>\n<li>Tils\u00e6t posens indhold og pisk, til dejen er j\u00e6vn og glat.<\/li>\n<li>Bages midt i ovnen i ca. 30 min.<\/li>\n<\/ul>\n<h3>Ingredienser:<\/h3>\n<p>Fedtreduceret <strong>mandelmel<\/strong>, s\u00f8destof: erythritol, fiber (fra resistent majsstivelse, cikorierod, psyllium) stivelse (majs, kartoffel), \u00e6rteprotein, h\u00e6vemiddel (bikarbonat, difosfat), salt, emulgator (mono- og diglycerider), surhedsregulerende middel (citronsyre), aroma, s\u00f8destof: sucralose,<\/p>\n<p>Nettov\u00e6gt 360 g. Giver en stor kage p\u00e5 ca. 800 g.<\/p>\n<h3>N\u00e6ringsindhold pr. 100 g f\u00e6rdig kage:<\/h3>\n<p>Energi: 1098 kJ\/262 kcal<br \/>\nFedt: 16,8 g<br \/>\n-heraf m\u00e6ttet: 1,8 g<br \/>\nKulhydrat: 20,1 g<br \/>\n-heraf sukkerarter: 0,3 g<br \/>\n-heraf polyoler: 9,9 g*<br \/>\nKostfiber: 8,1 g<br \/>\nProtein: 13,6 g<br \/>\nSalt: 1,0 g<br \/>\n*kulhydrater som ikke metaboliseres i kroppen.<\/p>\n","protected":false},"excerpt":{"rendered":"<p>Sukkerfri og glutenfri&nbsp;kagemix med mange muligheder Nu f\u00e5r du endelig hj\u00e6lp til at lave [&hellip;]<\/p>\n","protected":false},"author":1,"featured_media":0,"parent":1267,"menu_order":10,"comment_status":"open","ping_status":"open","template":"","meta":{"_monsterinsights_skip_tracking":false,"_monsterinsights_sitenote_active":false,"_monsterinsights_sitenote_note":"","_monsterinsights_sitenote_category":0,"footnotes":""},"product_types":[27],"class_list":["post-1269","page","type-page","status-publish","hentry","product_types-type-cakemix"],"yoast_head":"<!-- This site is optimized with the Yoast SEO plugin v23.6 - https:\/\/yoast.com\/wordpress\/plugins\/seo\/ -->\n<title>Sukrin Kakemix - glutenfri - sukkerfri<\/title>\n<meta name=\"description\" content=\"Med dette kagemix er det nemt at lave kager, som alle kan spise med god samvittighed. Perfekt som basis for \u00e6blekage, gulerodskage etc.\" \/>\n<meta name=\"robots\" content=\"index, follow, max-snippet:-1, max-image-preview:large, max-video-preview:-1\" \/>\n<link rel=\"canonical\" href=\"https:\/\/sukrin.com\/dk\/kakemix\/om-kakemixen\/\" \/>\n<meta name=\"twitter:label1\" content=\"Estimeret l\u00e6setid\" \/>\n\t<meta name=\"twitter:data1\" content=\"2 minutter\" \/>\n<script type=\"application\/ld+json\" class=\"yoast-schema-graph\">{\"@context\":\"https:\/\/schema.org\",\"@graph\":[{\"@type\":\"WebPage\",\"@id\":\"https:\/\/sukrin.com\/dk\/kakemix\/om-kakemixen\/\",\"url\":\"https:\/\/sukrin.com\/dk\/kakemix\/om-kakemixen\/\",\"name\":\"Sukrin Kakemix - glutenfri - sukkerfri\",\"isPartOf\":{\"@id\":\"http:\/\/sukrin.com\/dk\/#website\"},\"datePublished\":\"2012-08-28T08:12:09+00:00\",\"dateModified\":\"2022-02-16T08:06:01+00:00\",\"description\":\"Med dette kagemix er det nemt at lave kager, som alle kan spise med god samvittighed. Perfekt som basis for \u00e6blekage, gulerodskage etc.\",\"breadcrumb\":{\"@id\":\"https:\/\/sukrin.com\/dk\/kakemix\/om-kakemixen\/#breadcrumb\"},\"inLanguage\":\"da-DK\",\"potentialAction\":[{\"@type\":\"ReadAction\",\"target\":[\"https:\/\/sukrin.com\/dk\/kakemix\/om-kakemixen\/\"]}]},{\"@type\":\"BreadcrumbList\",\"@id\":\"https:\/\/sukrin.com\/dk\/kakemix\/om-kakemixen\/#breadcrumb\",\"itemListElement\":[{\"@type\":\"ListItem\",\"position\":1,\"name\":\"Kagemix\",\"item\":\"http:\/\/sukrin.com\/dk\/kakemix\/\"},{\"@type\":\"ListItem\",\"position\":2,\"name\":\"Om kagemixen\"}]},{\"@type\":\"WebSite\",\"@id\":\"http:\/\/sukrin.com\/dk\/#website\",\"url\":\"http:\/\/sukrin.com\/dk\/\",\"name\":\"Sukrin Danmark\",\"description\":\"Sukrin - Healthy and tasty made easy\",\"potentialAction\":[{\"@type\":\"SearchAction\",\"target\":{\"@type\":\"EntryPoint\",\"urlTemplate\":\"http:\/\/sukrin.com\/dk\/?s={search_term_string}\"},\"query-input\":{\"@type\":\"PropertyValueSpecification\",\"valueRequired\":true,\"valueName\":\"search_term_string\"}}],\"inLanguage\":\"da-DK\"}]}<\/script>\n<!-- \/ Yoast SEO plugin. -->","yoast_head_json":{"title":"Sukrin Kakemix - glutenfri - sukkerfri","description":"Med dette kagemix er det nemt at lave kager, som alle kan spise med god samvittighed. Perfekt som basis for \u00e6blekage, gulerodskage etc.","robots":{"index":"index","follow":"follow","max-snippet":"max-snippet:-1","max-image-preview":"max-image-preview:large","max-video-preview":"max-video-preview:-1"},"canonical":"https:\/\/sukrin.com\/dk\/kakemix\/om-kakemixen\/","twitter_misc":{"Estimeret l\u00e6setid":"2 minutter"},"schema":{"@context":"https:\/\/schema.org","@graph":[{"@type":"WebPage","@id":"https:\/\/sukrin.com\/dk\/kakemix\/om-kakemixen\/","url":"https:\/\/sukrin.com\/dk\/kakemix\/om-kakemixen\/","name":"Sukrin Kakemix - glutenfri - sukkerfri","isPartOf":{"@id":"http:\/\/sukrin.com\/dk\/#website"},"datePublished":"2012-08-28T08:12:09+00:00","dateModified":"2022-02-16T08:06:01+00:00","description":"Med dette kagemix er det nemt at lave kager, som alle kan spise med god samvittighed. Perfekt som basis for \u00e6blekage, gulerodskage etc.","breadcrumb":{"@id":"https:\/\/sukrin.com\/dk\/kakemix\/om-kakemixen\/#breadcrumb"},"inLanguage":"da-DK","potentialAction":[{"@type":"ReadAction","target":["https:\/\/sukrin.com\/dk\/kakemix\/om-kakemixen\/"]}]},{"@type":"BreadcrumbList","@id":"https:\/\/sukrin.com\/dk\/kakemix\/om-kakemixen\/#breadcrumb","itemListElement":[{"@type":"ListItem","position":1,"name":"Kagemix","item":"http:\/\/sukrin.com\/dk\/kakemix\/"},{"@type":"ListItem","position":2,"name":"Om kagemixen"}]},{"@type":"WebSite","@id":"http:\/\/sukrin.com\/dk\/#website","url":"http:\/\/sukrin.com\/dk\/","name":"Sukrin Danmark","description":"Sukrin - Healthy and tasty made easy","potentialAction":[{"@type":"SearchAction","target":{"@type":"EntryPoint","urlTemplate":"http:\/\/sukrin.com\/dk\/?s={search_term_string}"},"query-input":{"@type":"PropertyValueSpecification","valueRequired":true,"valueName":"search_term_string"}}],"inLanguage":"da-DK"}]}},"_links":{"self":[{"href":"https:\/\/sukrin.com\/dk\/wp-json\/wp\/v2\/pages\/1269"}],"collection":[{"href":"https:\/\/sukrin.com\/dk\/wp-json\/wp\/v2\/pages"}],"about":[{"href":"https:\/\/sukrin.com\/dk\/wp-json\/wp\/v2\/types\/page"}],"author":[{"embeddable":true,"href":"https:\/\/sukrin.com\/dk\/wp-json\/wp\/v2\/users\/1"}],"replies":[{"embeddable":true,"href":"https:\/\/sukrin.com\/dk\/wp-json\/wp\/v2\/comments?post=1269"}],"version-history":[{"count":13,"href":"https:\/\/sukrin.com\/dk\/wp-json\/wp\/v2\/pages\/1269\/revisions"}],"predecessor-version":[{"id":2813,"href":"https:\/\/sukrin.com\/dk\/wp-json\/wp\/v2\/pages\/1269\/revisions\/2813"}],"up":[{"embeddable":true,"href":"https:\/\/sukrin.com\/dk\/wp-json\/wp\/v2\/pages\/1267"}],"wp:attachment":[{"href":"https:\/\/sukrin.com\/dk\/wp-json\/wp\/v2\/media?parent=1269"}],"wp:term":[{"taxonomy":"product_types","embeddable":true,"href":"https:\/\/sukrin.com\/dk\/wp-json\/wp\/v2\/product_types?post=1269"}],"curies":[{"name":"wp","href":"https:\/\/api.w.org\/{rel}","templated":true}]}}