{"id":1231,"date":"2012-03-02T11:32:50","date_gmt":"2012-03-02T09:32:50","guid":{"rendered":"http:\/\/sukrin.com\/dk\/?page_id=1231"},"modified":"2022-12-06T15:49:23","modified_gmt":"2022-12-06T13:49:23","slug":"hvorfor","status":"publish","type":"page","link":"https:\/\/sukrin.com\/dk\/sukrin-pluss\/hvorfor\/","title":{"rendered":"Hvorfor Sukrin+"},"content":{"rendered":"\n<h1 class=\"wp-block-heading\">Koncentreret smag, lavere m\u00e6ngde<\/h1>\n\n\n\n<p>N\u00e5r erythritol og steviolglykosider smeltes sammen, opst\u00e5r et nyt og unikt produkt med en koncentreret sukkersmag og konsistens som sukker. Sukrin+ er dobbelt s\u00e5 s\u00f8d som sukker og bruges derfor i de halve m\u00e6ngder i opskrifter.<\/p>\n","protected":false},"excerpt":{"rendered":"<p>Koncentreret smag, lavere m\u00e6ngde N\u00e5r erythritol og steviolglykosider smeltes sammen, opst\u00e5r et nyt og [&hellip;]<\/p>\n","protected":false},"author":1,"featured_media":0,"parent":1224,"menu_order":20,"comment_status":"open","ping_status":"closed","template":"","meta":{"_monsterinsights_skip_tracking":false,"_monsterinsights_sitenote_active":false,"_monsterinsights_sitenote_note":"","_monsterinsights_sitenote_category":0,"footnotes":""},"product_types":[26],"class_list":["post-1231","page","type-page","status-publish","hentry","product_types-type-sukrinplus"],"yoast_head":"<!-- This site is optimized with the Yoast SEO plugin v23.6 - https:\/\/yoast.com\/wordpress\/plugins\/seo\/ -->\n<title>Hvorfor Sukrin+ - Sukrin Danmark<\/title>\n<meta name=\"robots\" content=\"index, follow, max-snippet:-1, max-image-preview:large, max-video-preview:-1\" \/>\n<link rel=\"canonical\" href=\"https:\/\/sukrin.com\/dk\/sukrin-pluss\/hvorfor\/\" \/>\n<meta name=\"twitter:label1\" content=\"Estimeret l\u00e6setid\" \/>\n\t<meta name=\"twitter:data1\" content=\"1 minut\" \/>\n<script type=\"application\/ld+json\" class=\"yoast-schema-graph\">{\"@context\":\"https:\/\/schema.org\",\"@graph\":[{\"@type\":\"WebPage\",\"@id\":\"https:\/\/sukrin.com\/dk\/sukrin-pluss\/hvorfor\/\",\"url\":\"https:\/\/sukrin.com\/dk\/sukrin-pluss\/hvorfor\/\",\"name\":\"Hvorfor Sukrin+ - Sukrin Danmark\",\"isPartOf\":{\"@id\":\"http:\/\/sukrin.com\/dk\/#website\"},\"datePublished\":\"2012-03-02T09:32:50+00:00\",\"dateModified\":\"2022-12-06T13:49:23+00:00\",\"breadcrumb\":{\"@id\":\"https:\/\/sukrin.com\/dk\/sukrin-pluss\/hvorfor\/#breadcrumb\"},\"inLanguage\":\"da-DK\",\"potentialAction\":[{\"@type\":\"ReadAction\",\"target\":[\"https:\/\/sukrin.com\/dk\/sukrin-pluss\/hvorfor\/\"]}]},{\"@type\":\"BreadcrumbList\",\"@id\":\"https:\/\/sukrin.com\/dk\/sukrin-pluss\/hvorfor\/#breadcrumb\",\"itemListElement\":[{\"@type\":\"ListItem\",\"position\":1,\"name\":\"Sukrin+\",\"item\":\"https:\/\/sukrin.com\/dk\/sukrin-pluss\/\"},{\"@type\":\"ListItem\",\"position\":2,\"name\":\"Hvorfor Sukrin+\"}]},{\"@type\":\"WebSite\",\"@id\":\"http:\/\/sukrin.com\/dk\/#website\",\"url\":\"http:\/\/sukrin.com\/dk\/\",\"name\":\"Sukrin Danmark\",\"description\":\"Sukrin - Healthy and tasty made easy\",\"potentialAction\":[{\"@type\":\"SearchAction\",\"target\":{\"@type\":\"EntryPoint\",\"urlTemplate\":\"http:\/\/sukrin.com\/dk\/?s={search_term_string}\"},\"query-input\":{\"@type\":\"PropertyValueSpecification\",\"valueRequired\":true,\"valueName\":\"search_term_string\"}}],\"inLanguage\":\"da-DK\"}]}<\/script>\n<!-- \/ Yoast SEO plugin. -->","yoast_head_json":{"title":"Hvorfor Sukrin+ - Sukrin Danmark","robots":{"index":"index","follow":"follow","max-snippet":"max-snippet:-1","max-image-preview":"max-image-preview:large","max-video-preview":"max-video-preview:-1"},"canonical":"https:\/\/sukrin.com\/dk\/sukrin-pluss\/hvorfor\/","twitter_misc":{"Estimeret l\u00e6setid":"1 minut"},"schema":{"@context":"https:\/\/schema.org","@graph":[{"@type":"WebPage","@id":"https:\/\/sukrin.com\/dk\/sukrin-pluss\/hvorfor\/","url":"https:\/\/sukrin.com\/dk\/sukrin-pluss\/hvorfor\/","name":"Hvorfor Sukrin+ - Sukrin Danmark","isPartOf":{"@id":"http:\/\/sukrin.com\/dk\/#website"},"datePublished":"2012-03-02T09:32:50+00:00","dateModified":"2022-12-06T13:49:23+00:00","breadcrumb":{"@id":"https:\/\/sukrin.com\/dk\/sukrin-pluss\/hvorfor\/#breadcrumb"},"inLanguage":"da-DK","potentialAction":[{"@type":"ReadAction","target":["https:\/\/sukrin.com\/dk\/sukrin-pluss\/hvorfor\/"]}]},{"@type":"BreadcrumbList","@id":"https:\/\/sukrin.com\/dk\/sukrin-pluss\/hvorfor\/#breadcrumb","itemListElement":[{"@type":"ListItem","position":1,"name":"Sukrin+","item":"https:\/\/sukrin.com\/dk\/sukrin-pluss\/"},{"@type":"ListItem","position":2,"name":"Hvorfor Sukrin+"}]},{"@type":"WebSite","@id":"http:\/\/sukrin.com\/dk\/#website","url":"http:\/\/sukrin.com\/dk\/","name":"Sukrin Danmark","description":"Sukrin - Healthy and tasty made easy","potentialAction":[{"@type":"SearchAction","target":{"@type":"EntryPoint","urlTemplate":"http:\/\/sukrin.com\/dk\/?s={search_term_string}"},"query-input":{"@type":"PropertyValueSpecification","valueRequired":true,"valueName":"search_term_string"}}],"inLanguage":"da-DK"}]}},"_links":{"self":[{"href":"https:\/\/sukrin.com\/dk\/wp-json\/wp\/v2\/pages\/1231"}],"collection":[{"href":"https:\/\/sukrin.com\/dk\/wp-json\/wp\/v2\/pages"}],"about":[{"href":"https:\/\/sukrin.com\/dk\/wp-json\/wp\/v2\/types\/page"}],"author":[{"embeddable":true,"href":"https:\/\/sukrin.com\/dk\/wp-json\/wp\/v2\/users\/1"}],"replies":[{"embeddable":true,"href":"https:\/\/sukrin.com\/dk\/wp-json\/wp\/v2\/comments?post=1231"}],"version-history":[{"count":10,"href":"https:\/\/sukrin.com\/dk\/wp-json\/wp\/v2\/pages\/1231\/revisions"}],"predecessor-version":[{"id":2922,"href":"https:\/\/sukrin.com\/dk\/wp-json\/wp\/v2\/pages\/1231\/revisions\/2922"}],"up":[{"embeddable":true,"href":"https:\/\/sukrin.com\/dk\/wp-json\/wp\/v2\/pages\/1224"}],"wp:attachment":[{"href":"https:\/\/sukrin.com\/dk\/wp-json\/wp\/v2\/media?parent=1231"}],"wp:term":[{"taxonomy":"product_types","embeddable":true,"href":"https:\/\/sukrin.com\/dk\/wp-json\/wp\/v2\/product_types?post=1231"}],"curies":[{"name":"wp","href":"https:\/\/api.w.org\/{rel}","templated":true}]}}