{"id":1227,"date":"2012-03-02T11:29:00","date_gmt":"2012-03-02T09:29:00","guid":{"rendered":"http:\/\/sukrin.com\/dk\/?page_id=1227"},"modified":"2022-12-06T15:48:45","modified_gmt":"2022-12-06T13:48:45","slug":"om","status":"publish","type":"page","link":"https:\/\/sukrin.com\/dk\/sukrin-pluss\/om\/","title":{"rendered":"Om Sukrin+"},"content":{"rendered":"\n<h1 class=\"wp-block-heading\">Sukrin+<\/h1>\n\n\n\n<p>Sukrin+ best\u00e5r af to s\u00f8destoffer, nemlig erythritol og steviolglykosider. Blandingen er dobbelt s\u00e5 s\u00f8d som almindeligt hvidt sukker. Sukrin+ kombinerer den popul\u00e6re sukker-konsistens fra Sukrin med s\u00f8dmen fra steviolglykosiderne.<\/p>\n\n\n\n<ul class=\"wp-block-list\">\n<li>Dobbelt s\u00e5 s\u00f8d som sukker<\/li>\n\n\n\n<li>Af naturlig oprindelse<\/li>\n\n\n\n<li>Lavt energiindhold (0 kcal\/100 g<\/li>\n\n\n\n<li>Konsistens som str\u00f8sukker<\/li>\n<\/ul>\n\n\n\n<h2 class=\"wp-block-heading\">Dobbelt s\u00e5 s\u00f8d som sukker<\/h2>\n\n\n\n<p>Sukrin+ er dobbelt s\u00e5 s\u00f8d som sukker og skal derfor bruges i den halve m\u00e6ngde.<\/p>\n\n\n\n<h2 class=\"wp-block-heading\">S\u00f8destoffer af naturlig oprindelse<\/h2>\n\n\n\n<p>B\u00e5de erythritol og steviolglykosider er s\u00f8destoffer af naturlig oprindelse. Efter en grundig gennemgang blev steviolglykosider, som er en oprensning af et udtr\u00e6k fra Stevia-planten, godkendt af EU i slutningen af 2011.<\/p>\n\n\n\n<h3 class=\"wp-block-heading\">N\u00e6ringsindhold pr. 100 g:<\/h3>\n\n\n\n<p>Energi: 0 kJ\/0 kcal<br>Fedt: 0 g<br>-heraf m\u00e6ttet: 0 g<br>Kulhydrat: 100 g<br>-heraf sukkerarter: 0 g<br>-heraf polyoler: 100 g*<br>Kostfiber: 0 g<br>Protein: 0 g<br>Salt: 0 g<\/p>\n\n\n\n<p>*kulhydrater som ikke metaboliseres i kroppen.<\/p>\n","protected":false},"excerpt":{"rendered":"<p>Sukrin+ Sukrin+ best\u00e5r af to s\u00f8destoffer, nemlig erythritol og steviolglykosider. Blandingen er dobbelt s\u00e5 [&hellip;]<\/p>\n","protected":false},"author":1,"featured_media":0,"parent":1224,"menu_order":10,"comment_status":"open","ping_status":"closed","template":"","meta":{"_monsterinsights_skip_tracking":false,"_monsterinsights_sitenote_active":false,"_monsterinsights_sitenote_note":"","_monsterinsights_sitenote_category":0,"footnotes":""},"product_types":[26],"class_list":["post-1227","page","type-page","status-publish","hentry","product_types-type-sukrinplus"],"yoast_head":"<!-- This site is optimized with the Yoast SEO plugin v23.6 - https:\/\/yoast.com\/wordpress\/plugins\/seo\/ -->\n<title>Sukrin plus - Kaloriefri sukkererstatning - Dobbelt s\u00e5 s\u00f8d som sukker<\/title>\n<meta name=\"description\" content=\"Kombinerer den popul\u00e6re sukker-konsistens fra Sukrin med s\u00f8dmen fra steviolglykosiderne. Blandingen er dobbelt s\u00e5 s\u00f8d som almindeligt sukker.\" \/>\n<meta name=\"robots\" content=\"index, follow, max-snippet:-1, max-image-preview:large, max-video-preview:-1\" \/>\n<link rel=\"canonical\" href=\"http:\/\/sukrin.com\/dk\/sukrin-pluss\/om\/\" \/>\n<meta name=\"twitter:label1\" content=\"Estimeret l\u00e6setid\" \/>\n\t<meta name=\"twitter:data1\" content=\"1 minut\" \/>\n<script type=\"application\/ld+json\" class=\"yoast-schema-graph\">{\"@context\":\"https:\/\/schema.org\",\"@graph\":[{\"@type\":\"WebPage\",\"@id\":\"http:\/\/sukrin.com\/dk\/sukrin-pluss\/om\/\",\"url\":\"http:\/\/sukrin.com\/dk\/sukrin-pluss\/om\/\",\"name\":\"Sukrin plus - Kaloriefri sukkererstatning - Dobbelt s\u00e5 s\u00f8d som sukker\",\"isPartOf\":{\"@id\":\"http:\/\/sukrin.com\/dk\/#website\"},\"datePublished\":\"2012-03-02T09:29:00+00:00\",\"dateModified\":\"2022-12-06T13:48:45+00:00\",\"description\":\"Kombinerer den popul\u00e6re sukker-konsistens fra Sukrin med s\u00f8dmen fra steviolglykosiderne. Blandingen er dobbelt s\u00e5 s\u00f8d som almindeligt sukker.\",\"breadcrumb\":{\"@id\":\"http:\/\/sukrin.com\/dk\/sukrin-pluss\/om\/#breadcrumb\"},\"inLanguage\":\"da-DK\",\"potentialAction\":[{\"@type\":\"ReadAction\",\"target\":[\"http:\/\/sukrin.com\/dk\/sukrin-pluss\/om\/\"]}]},{\"@type\":\"BreadcrumbList\",\"@id\":\"http:\/\/sukrin.com\/dk\/sukrin-pluss\/om\/#breadcrumb\",\"itemListElement\":[{\"@type\":\"ListItem\",\"position\":1,\"name\":\"Sukrin+\",\"item\":\"https:\/\/sukrin.com\/dk\/sukrin-pluss\/\"},{\"@type\":\"ListItem\",\"position\":2,\"name\":\"Om Sukrin+\"}]},{\"@type\":\"WebSite\",\"@id\":\"http:\/\/sukrin.com\/dk\/#website\",\"url\":\"http:\/\/sukrin.com\/dk\/\",\"name\":\"Sukrin Danmark\",\"description\":\"Sukrin - Healthy and tasty made easy\",\"potentialAction\":[{\"@type\":\"SearchAction\",\"target\":{\"@type\":\"EntryPoint\",\"urlTemplate\":\"http:\/\/sukrin.com\/dk\/?s={search_term_string}\"},\"query-input\":{\"@type\":\"PropertyValueSpecification\",\"valueRequired\":true,\"valueName\":\"search_term_string\"}}],\"inLanguage\":\"da-DK\"}]}<\/script>\n<!-- \/ Yoast SEO plugin. -->","yoast_head_json":{"title":"Sukrin plus - Kaloriefri sukkererstatning - Dobbelt s\u00e5 s\u00f8d som sukker","description":"Kombinerer den popul\u00e6re sukker-konsistens fra Sukrin med s\u00f8dmen fra steviolglykosiderne. Blandingen er dobbelt s\u00e5 s\u00f8d som almindeligt sukker.","robots":{"index":"index","follow":"follow","max-snippet":"max-snippet:-1","max-image-preview":"max-image-preview:large","max-video-preview":"max-video-preview:-1"},"canonical":"http:\/\/sukrin.com\/dk\/sukrin-pluss\/om\/","twitter_misc":{"Estimeret l\u00e6setid":"1 minut"},"schema":{"@context":"https:\/\/schema.org","@graph":[{"@type":"WebPage","@id":"http:\/\/sukrin.com\/dk\/sukrin-pluss\/om\/","url":"http:\/\/sukrin.com\/dk\/sukrin-pluss\/om\/","name":"Sukrin plus - Kaloriefri sukkererstatning - Dobbelt s\u00e5 s\u00f8d som sukker","isPartOf":{"@id":"http:\/\/sukrin.com\/dk\/#website"},"datePublished":"2012-03-02T09:29:00+00:00","dateModified":"2022-12-06T13:48:45+00:00","description":"Kombinerer den popul\u00e6re sukker-konsistens fra Sukrin med s\u00f8dmen fra steviolglykosiderne. Blandingen er dobbelt s\u00e5 s\u00f8d som almindeligt sukker.","breadcrumb":{"@id":"http:\/\/sukrin.com\/dk\/sukrin-pluss\/om\/#breadcrumb"},"inLanguage":"da-DK","potentialAction":[{"@type":"ReadAction","target":["http:\/\/sukrin.com\/dk\/sukrin-pluss\/om\/"]}]},{"@type":"BreadcrumbList","@id":"http:\/\/sukrin.com\/dk\/sukrin-pluss\/om\/#breadcrumb","itemListElement":[{"@type":"ListItem","position":1,"name":"Sukrin+","item":"https:\/\/sukrin.com\/dk\/sukrin-pluss\/"},{"@type":"ListItem","position":2,"name":"Om Sukrin+"}]},{"@type":"WebSite","@id":"http:\/\/sukrin.com\/dk\/#website","url":"http:\/\/sukrin.com\/dk\/","name":"Sukrin Danmark","description":"Sukrin - Healthy and tasty made easy","potentialAction":[{"@type":"SearchAction","target":{"@type":"EntryPoint","urlTemplate":"http:\/\/sukrin.com\/dk\/?s={search_term_string}"},"query-input":{"@type":"PropertyValueSpecification","valueRequired":true,"valueName":"search_term_string"}}],"inLanguage":"da-DK"}]}},"_links":{"self":[{"href":"https:\/\/sukrin.com\/dk\/wp-json\/wp\/v2\/pages\/1227"}],"collection":[{"href":"https:\/\/sukrin.com\/dk\/wp-json\/wp\/v2\/pages"}],"about":[{"href":"https:\/\/sukrin.com\/dk\/wp-json\/wp\/v2\/types\/page"}],"author":[{"embeddable":true,"href":"https:\/\/sukrin.com\/dk\/wp-json\/wp\/v2\/users\/1"}],"replies":[{"embeddable":true,"href":"https:\/\/sukrin.com\/dk\/wp-json\/wp\/v2\/comments?post=1227"}],"version-history":[{"count":16,"href":"https:\/\/sukrin.com\/dk\/wp-json\/wp\/v2\/pages\/1227\/revisions"}],"predecessor-version":[{"id":2921,"href":"https:\/\/sukrin.com\/dk\/wp-json\/wp\/v2\/pages\/1227\/revisions\/2921"}],"up":[{"embeddable":true,"href":"https:\/\/sukrin.com\/dk\/wp-json\/wp\/v2\/pages\/1224"}],"wp:attachment":[{"href":"https:\/\/sukrin.com\/dk\/wp-json\/wp\/v2\/media?parent=1227"}],"wp:term":[{"taxonomy":"product_types","embeddable":true,"href":"https:\/\/sukrin.com\/dk\/wp-json\/wp\/v2\/product_types?post=1227"}],"curies":[{"name":"wp","href":"https:\/\/api.w.org\/{rel}","templated":true}]}}