{"id":1129,"date":"2011-08-19T10:04:36","date_gmt":"2011-08-19T08:04:36","guid":{"rendered":"http:\/\/sukrin.com\/dk\/?page_id=1129"},"modified":"2024-03-26T11:58:50","modified_gmt":"2024-03-26T09:58:50","slug":"om","status":"publish","type":"page","link":"https:\/\/sukrin.com\/dk\/lowcarbbrod\/om\/","title":{"rendered":"Om Fiberbr\u00f8d"},"content":{"rendered":"<h1>Fiberbr\u00f8d<\/h1>\n<h3>Kilde til protein og kostfibre<\/h3>\n<ul>\n<li>Uden gluten, m\u00e6lk og g\u00e6r<\/li>\n<li>Nemt at lave, ingen \u00e6ltning n\u00f8dvendig<\/li>\n<li>M\u00e6tter l\u00e6nge<\/li>\n<\/ul>\n<p>Har du fokus gluten? S\u00e5 har vi udviklet det perfekte br\u00f8d til dig. Med dette br\u00f8dmix kan du bage dit eget br\u00f8d helt uden gluten, m\u00e6lk og g\u00e6r. En skive af det f\u00e6rdige br\u00f8d har blot 58 kalorier, men hele 8,5 gram kostfiber.<\/p>\n<h3>Nem tilberedning &#8211; ingen \u00e6ltning eller h\u00e6vning<\/h3>\n<p>Br\u00f8dmixet skal kun blandes med vand og derefter bages i ovnen. Br\u00f8det bliver saftigt og smagfuldt, smuldrer ikke og holder sig frisk i flere dage.<\/p>\n<h3>Et godt tip<\/h3>\n<p>Sk\u00e6r br\u00f8det i skiver, l\u00e6g sm\u00f8rrebr\u00f8dspapir imellem skiverne og frys dem ned. S\u00e5 kan du hive det n\u00f8dvendige antal skiver frem fra fryseren og tilberede dem p\u00e5 din br\u00f8drister. P\u00e5 den m\u00e5de har du altid mulighed for at f\u00e5 en sund mellemmad.<\/p>\n<h3>Fremgangsm\u00e5de:<\/h3>\n<ul>\n<li>T\u00e6nd ovnen p\u00e5 200 grader.<\/li>\n<li>H\u00e6ld posens indhold i en sk\u00e5l og tils\u00e6t 3 dl vand.<\/li>\n<li>Bland det godt og h\u00e6ld dejen over i en lille br\u00f8d-form. Hvis du \u00f8nsker, kan du str\u00f8 lidt fr\u00f8 p\u00e5 toppen, fx solsikkefr\u00f8 eller gr\u00e6skarkerner.<\/li>\n<li>Bag br\u00f8det i ca. 60-70 minutter. Tag det ud af formen og lad det k\u00f8le af p\u00e5 en rist, uden tild\u00e6kning.<\/li>\n<li>Br\u00f8det opbevares bedst i en pose i k\u00f8leskabet.<\/li>\n<\/ul>\n<h3>Flere tips:<\/h3>\n<ul>\n<li>Tils\u00e6t gerne finthakkede, solt\u00f8rrede tomater, oliven eller t\u00f8rrede krydderurter i dejen.<\/li>\n<li>\u00d8nsker du en spr\u00f8dere skorpe, s\u00e5 rist de enkelte skiver p\u00e5 br\u00f8dristeren.<\/li>\n<\/ul>\n<h3>Ingredienser:<\/h3>\n<p>Fr\u00f8 og kerner (Psyllium, solsikke, sesam, gr\u00e6sskar, h\u00f8rfr\u00f8), fiber (fra sukkerroe og \u00e6rter, FiberFin resistent majsstivelse), hel\u00e6gpulver, \u00e6rteprotein, s\u00f8destof Sukrin (erythritol), h\u00e6vemiddel (E450, E500), mineralsalt (natriumklorid og kaliumklorid).<\/p>\n<p>Nettov\u00e6gt: 250 g. Giver ca. 530 g f\u00e6rdig br\u00f8d.<\/p>\n<h3>N\u00e6ringsindhold pr. 100 g f\u00e6rdigt br\u00f8d:<\/h3>\n<p>Energi: 681 kJ\/163 kcal<br \/>\nFedt: 8,4 g<br \/>\n-heraf m\u00e6ttet: 1,4 g<br \/>\nKulhydrat: 2,5 g<br \/>\n-heraf sukkerarter: 0 g<br \/>\nKostfiber: 21,2 g<br \/>\nProtein: 8,7 g<br \/>\nSalt: 1,0 g<\/p>\n","protected":false},"excerpt":{"rendered":"<p>Fiberbr\u00f8d Kilde til protein og kostfibre Uden gluten, m\u00e6lk og g\u00e6r Nemt at lave, [&hellip;]<\/p>\n","protected":false},"author":1,"featured_media":0,"parent":1127,"menu_order":0,"comment_status":"open","ping_status":"closed","template":"","meta":{"_monsterinsights_skip_tracking":false,"_monsterinsights_sitenote_active":false,"_monsterinsights_sitenote_note":"","_monsterinsights_sitenote_category":0,"footnotes":""},"product_types":[23],"class_list":["post-1129","page","type-page","status-publish","hentry","product_types-type-lowcarbbread"],"yoast_head":"<!-- This site is optimized with the Yoast SEO plugin v23.6 - https:\/\/yoast.com\/wordpress\/plugins\/seo\/ -->\n<title>Sukrin Fiberbr\u00f8d - glutenfrit - low carb<\/title>\n<meta name=\"description\" content=\"Med dette br\u00f8dmix kan du bage dit eget lowcarb-br\u00f8d helt uden gluten, m\u00e6lk og g\u00e6r. En skive af det f\u00e6rdige br\u00f8d har blot 1 gram kulhydrat.\" \/>\n<meta name=\"robots\" content=\"index, follow, max-snippet:-1, max-image-preview:large, max-video-preview:-1\" \/>\n<link rel=\"canonical\" href=\"https:\/\/sukrin.com\/dk\/lowcarbbrod\/om\/\" \/>\n<meta name=\"twitter:label1\" content=\"Estimeret l\u00e6setid\" \/>\n\t<meta name=\"twitter:data1\" content=\"2 minutter\" \/>\n<script type=\"application\/ld+json\" class=\"yoast-schema-graph\">{\"@context\":\"https:\/\/schema.org\",\"@graph\":[{\"@type\":\"WebPage\",\"@id\":\"https:\/\/sukrin.com\/dk\/lowcarbbrod\/om\/\",\"url\":\"https:\/\/sukrin.com\/dk\/lowcarbbrod\/om\/\",\"name\":\"Sukrin Fiberbr\u00f8d - glutenfrit - low carb\",\"isPartOf\":{\"@id\":\"http:\/\/sukrin.com\/dk\/#website\"},\"datePublished\":\"2011-08-19T08:04:36+00:00\",\"dateModified\":\"2024-03-26T09:58:50+00:00\",\"description\":\"Med dette br\u00f8dmix kan du bage dit eget lowcarb-br\u00f8d helt uden gluten, m\u00e6lk og g\u00e6r. En skive af det f\u00e6rdige br\u00f8d har blot 1 gram kulhydrat.\",\"breadcrumb\":{\"@id\":\"https:\/\/sukrin.com\/dk\/lowcarbbrod\/om\/#breadcrumb\"},\"inLanguage\":\"da-DK\",\"potentialAction\":[{\"@type\":\"ReadAction\",\"target\":[\"https:\/\/sukrin.com\/dk\/lowcarbbrod\/om\/\"]}]},{\"@type\":\"BreadcrumbList\",\"@id\":\"https:\/\/sukrin.com\/dk\/lowcarbbrod\/om\/#breadcrumb\",\"itemListElement\":[{\"@type\":\"ListItem\",\"position\":1,\"name\":\"Fiberbr\u00f8d &#8211; Br\u00f8dmix med Solsikkefr\u00f8 og Gr\u00e6skarkerner\",\"item\":\"https:\/\/sukrin.com\/dk\/lowcarbbrod\/\"},{\"@type\":\"ListItem\",\"position\":2,\"name\":\"Om Fiberbr\u00f8d\"}]},{\"@type\":\"WebSite\",\"@id\":\"http:\/\/sukrin.com\/dk\/#website\",\"url\":\"http:\/\/sukrin.com\/dk\/\",\"name\":\"Sukrin Danmark\",\"description\":\"Sukrin - Healthy and tasty made easy\",\"potentialAction\":[{\"@type\":\"SearchAction\",\"target\":{\"@type\":\"EntryPoint\",\"urlTemplate\":\"http:\/\/sukrin.com\/dk\/?s={search_term_string}\"},\"query-input\":{\"@type\":\"PropertyValueSpecification\",\"valueRequired\":true,\"valueName\":\"search_term_string\"}}],\"inLanguage\":\"da-DK\"}]}<\/script>\n<!-- \/ Yoast SEO plugin. -->","yoast_head_json":{"title":"Sukrin Fiberbr\u00f8d - glutenfrit - low carb","description":"Med dette br\u00f8dmix kan du bage dit eget lowcarb-br\u00f8d helt uden gluten, m\u00e6lk og g\u00e6r. En skive af det f\u00e6rdige br\u00f8d har blot 1 gram kulhydrat.","robots":{"index":"index","follow":"follow","max-snippet":"max-snippet:-1","max-image-preview":"max-image-preview:large","max-video-preview":"max-video-preview:-1"},"canonical":"https:\/\/sukrin.com\/dk\/lowcarbbrod\/om\/","twitter_misc":{"Estimeret l\u00e6setid":"2 minutter"},"schema":{"@context":"https:\/\/schema.org","@graph":[{"@type":"WebPage","@id":"https:\/\/sukrin.com\/dk\/lowcarbbrod\/om\/","url":"https:\/\/sukrin.com\/dk\/lowcarbbrod\/om\/","name":"Sukrin Fiberbr\u00f8d - glutenfrit - low carb","isPartOf":{"@id":"http:\/\/sukrin.com\/dk\/#website"},"datePublished":"2011-08-19T08:04:36+00:00","dateModified":"2024-03-26T09:58:50+00:00","description":"Med dette br\u00f8dmix kan du bage dit eget lowcarb-br\u00f8d helt uden gluten, m\u00e6lk og g\u00e6r. En skive af det f\u00e6rdige br\u00f8d har blot 1 gram kulhydrat.","breadcrumb":{"@id":"https:\/\/sukrin.com\/dk\/lowcarbbrod\/om\/#breadcrumb"},"inLanguage":"da-DK","potentialAction":[{"@type":"ReadAction","target":["https:\/\/sukrin.com\/dk\/lowcarbbrod\/om\/"]}]},{"@type":"BreadcrumbList","@id":"https:\/\/sukrin.com\/dk\/lowcarbbrod\/om\/#breadcrumb","itemListElement":[{"@type":"ListItem","position":1,"name":"Fiberbr\u00f8d &#8211; Br\u00f8dmix med Solsikkefr\u00f8 og Gr\u00e6skarkerner","item":"https:\/\/sukrin.com\/dk\/lowcarbbrod\/"},{"@type":"ListItem","position":2,"name":"Om Fiberbr\u00f8d"}]},{"@type":"WebSite","@id":"http:\/\/sukrin.com\/dk\/#website","url":"http:\/\/sukrin.com\/dk\/","name":"Sukrin Danmark","description":"Sukrin - Healthy and tasty made easy","potentialAction":[{"@type":"SearchAction","target":{"@type":"EntryPoint","urlTemplate":"http:\/\/sukrin.com\/dk\/?s={search_term_string}"},"query-input":{"@type":"PropertyValueSpecification","valueRequired":true,"valueName":"search_term_string"}}],"inLanguage":"da-DK"}]}},"_links":{"self":[{"href":"https:\/\/sukrin.com\/dk\/wp-json\/wp\/v2\/pages\/1129"}],"collection":[{"href":"https:\/\/sukrin.com\/dk\/wp-json\/wp\/v2\/pages"}],"about":[{"href":"https:\/\/sukrin.com\/dk\/wp-json\/wp\/v2\/types\/page"}],"author":[{"embeddable":true,"href":"https:\/\/sukrin.com\/dk\/wp-json\/wp\/v2\/users\/1"}],"replies":[{"embeddable":true,"href":"https:\/\/sukrin.com\/dk\/wp-json\/wp\/v2\/comments?post=1129"}],"version-history":[{"count":23,"href":"https:\/\/sukrin.com\/dk\/wp-json\/wp\/v2\/pages\/1129\/revisions"}],"predecessor-version":[{"id":3082,"href":"https:\/\/sukrin.com\/dk\/wp-json\/wp\/v2\/pages\/1129\/revisions\/3082"}],"up":[{"embeddable":true,"href":"https:\/\/sukrin.com\/dk\/wp-json\/wp\/v2\/pages\/1127"}],"wp:attachment":[{"href":"https:\/\/sukrin.com\/dk\/wp-json\/wp\/v2\/media?parent=1129"}],"wp:term":[{"taxonomy":"product_types","embeddable":true,"href":"https:\/\/sukrin.com\/dk\/wp-json\/wp\/v2\/product_types?post=1129"}],"curies":[{"name":"wp","href":"https:\/\/api.w.org\/{rel}","templated":true}]}}